{"id":173,"date":"2026-04-01T11:54:55","date_gmt":"2026-04-01T09:54:55","guid":{"rendered":"https:\/\/lexigogames.com\/juegos\/leximatch\/"},"modified":"2026-04-15T11:36:21","modified_gmt":"2026-04-15T09:36:21","slug":"leximatch","status":"publish","type":"page","link":"https:\/\/lexigogames.com\/es\/juegos\/leximatch\/","title":{"rendered":"Leximatch"},"content":{"rendered":"\n<div class=\"wp-block-uagb-container uagb-block-4303be43 alignfull uagb-is-root-container\"><div class=\"uagb-container-inner-blocks-wrap\">\n<div data-aos= \"zoom-in\" data-aos-duration=\"400\" data-aos-delay=\"0\" data-aos-easing=\"ease\" data-aos-once=\"true\" class=\"wp-block-uagb-advanced-heading uagb-block-7d9d5e07\"><h1 class=\"uagb-heading-text\">Leximatch<\/h1><\/div>\n<\/div><\/div>\n\n<div class=\"wp-block-uagb-container uagb-block-0b3a221f alignfull uagb-is-root-container\"><div class=\"uagb-container-inner-blocks-wrap\">\n<div class=\"wp-block-uagb-container uagb-block-40a22f41\">\n<div data-aos= \"fade-up\" data-aos-duration=\"400\" data-aos-delay=\"0\" data-aos-easing=\"ease\" data-aos-once=\"true\" class=\"wp-block-uagb-advanced-heading uagb-block-92300e8d\"><h2 class=\"uagb-heading-text\">Leximatch es un juego de vocabulario \u00e1gil. El objetivo es sencillo: deshazte de todas tus cartas haciendo coincidir im\u00e1genes y usando cartas comod\u00edn\u2026 \u00a1pero tendr\u00e1s que ser r\u00e1pido!<\/h2><\/div>\n<\/div>\n\n\n\n<div data-aos= \"fade-up\" data-aos-duration=\"400\" data-aos-delay=\"0\" data-aos-easing=\"ease\" data-aos-once=\"true\" class=\"wp-block-uagb-container uagb-block-be60fe94\">\n<div class=\"wp-block-columns is-layout-flex wp-container-core-columns-is-layout-65eef5bf wp-block-columns-is-layout-flex\">\n<div class=\"wp-block-column is-layout-flow wp-block-column-is-layout-flow\">\n<p class=\"has-ast-global-color-3-color has-text-color has-link-color wp-elements-d6473b63d4bc904132f6edc2ba16a4a6\" style=\"line-height:1.2\">Leximatch es un juego de vocabulario \u00e1gil. El objetivo es sencillo: deshazte de todas tus cartas haciendo coincidir im\u00e1genes y usando cartas comod\u00edn\u2026 \u00a1pero tendr\u00e1s que ser r\u00e1pido!<br\/>Nuestra primera edici\u00f3n se centra en la comida, pero \u00a1estate atento, porque hay muchas m\u00e1s en camino! Una sabrosa selecci\u00f3n de vocabulario sobre alimentos, elegida para ajustarse a la lista de palabras de Cambridge Young Learners y especialmente pensada para ayudarte a repasar mientras juegas.<\/p>\n<\/div>\n\n\n\n<div class=\"wp-block-column is-vertically-aligned-bottom is-layout-flow wp-container-core-column-is-layout-a77db08e wp-block-column-is-layout-flow\">\n<div class=\"wp-block-uagb-slider uagb-block-a299807f uagb-slider-container\"><div class=\"uagb-slides uagb-swiper\"><div class=\"swiper-wrapper\">\n<div class=\"wp-block-uagb-slider-child uagb-slider-child-wrap swiper-slide uagb-block-fc8fe497\"><div class=\"swiper-content\">\n<div class=\"wp-block-uagb-container uagb-block-033dfbe6\">\n<div class=\"wp-block-uagb-image uagb-block-501c3e78 wp-block-uagb-image--layout-default wp-block-uagb-image--effect-static wp-block-uagb-image--align-none\"><figure class=\"wp-block-uagb-image__figure\"><img decoding=\"async\" srcset=\"https:\/\/lexigogames.com\/wp-content\/uploads\/2026\/04\/capa-1.png ,https:\/\/lexigogames.com\/wp-content\/uploads\/2026\/04\/capa-1.png 780w, https:\/\/lexigogames.com\/wp-content\/uploads\/2026\/04\/capa-1.png 360w\" sizes=\"auto, (max-width: 480px) 150px\" src=\"https:\/\/lexigogames.com\/wp-content\/uploads\/2026\/04\/capa-1.png\" alt=\"\" class=\"uag-image-77\" width=\"732\" height=\"703\" title=\"Capa_1\" loading=\"lazy\" role=\"img\"><\/figure><\/div>\n<\/div>\n<\/div><\/div>\n\n\n\n<div class=\"wp-block-uagb-slider-child uagb-slider-child-wrap swiper-slide uagb-block-3da128ab\"><div class=\"swiper-content\">\n<div class=\"wp-block-uagb-container uagb-block-782079db\">\n<div class=\"wp-block-uagb-image uagb-block-1dc57918 wp-block-uagb-image--layout-default wp-block-uagb-image--effect-static wp-block-uagb-image--align-none\"><figure class=\"wp-block-uagb-image__figure\"><img decoding=\"async\" srcset=\"https:\/\/lexigogames.com\/wp-content\/uploads\/2026\/04\/capa-1.png ,https:\/\/lexigogames.com\/wp-content\/uploads\/2026\/04\/capa-1.png 780w, https:\/\/lexigogames.com\/wp-content\/uploads\/2026\/04\/capa-1.png 360w\" sizes=\"auto, (max-width: 480px) 150px\" src=\"https:\/\/lexigogames.com\/wp-content\/uploads\/2026\/04\/capa-1.png\" alt=\"\" class=\"uag-image-77\" width=\"732\" height=\"703\" title=\"Capa_1\" loading=\"lazy\" role=\"img\"><\/figure><\/div>\n<\/div>\n<\/div><\/div>\n<\/div><\/div><\/div>\n<\/div>\n<\/div>\n<\/div>\n<\/div><\/div>\n","protected":false},"excerpt":{"rendered":"<p>Leximatch Leximatch es un juego de vocabulario \u00e1gil. El objetivo es sencillo: deshazte de todas tus cartas haciendo coincidir im\u00e1genes [&hellip;]<\/p>\n","protected":false},"author":1,"featured_media":0,"parent":169,"menu_order":0,"comment_status":"closed","ping_status":"closed","template":"","meta":{"_uag_custom_page_level_css":"","site-sidebar-layout":"default","site-content-layout":"","ast-site-content-layout":"default","site-content-style":"default","site-sidebar-style":"default","ast-global-header-display":"","ast-banner-title-visibility":"","ast-main-header-display":"","ast-hfb-above-header-display":"","ast-hfb-below-header-display":"","ast-hfb-mobile-header-display":"","site-post-title":"","ast-breadcrumbs-content":"","ast-featured-img":"","footer-sml-layout":"","ast-disable-related-posts":"","theme-transparent-header-meta":"","adv-header-id-meta":"","stick-header-meta":"","header-above-stick-meta":"","header-main-stick-meta":"","header-below-stick-meta":"","astra-migrate-meta-layouts":"default","ast-page-background-enabled":"default","ast-page-background-meta":{"desktop":{"background-color":"var(--ast-global-color-5)","background-image":"","background-repeat":"repeat","background-position":"center center","background-size":"auto","background-attachment":"scroll","background-type":"","background-media":"","overlay-type":"","overlay-color":"","overlay-opacity":"","overlay-gradient":""},"tablet":{"background-color":"","background-image":"","background-repeat":"repeat","background-position":"center center","background-size":"auto","background-attachment":"scroll","background-type":"","background-media":"","overlay-type":"","overlay-color":"","overlay-opacity":"","overlay-gradient":""},"mobile":{"background-color":"","background-image":"","background-repeat":"repeat","background-position":"center center","background-size":"auto","background-attachment":"scroll","background-type":"","background-media":"","overlay-type":"","overlay-color":"","overlay-opacity":"","overlay-gradient":""}},"ast-content-background-meta":{"desktop":{"background-color":"var(--ast-global-color-4)","background-image":"","background-repeat":"repeat","background-position":"center center","background-size":"auto","background-attachment":"scroll","background-type":"","background-media":"","overlay-type":"","overlay-color":"","overlay-opacity":"","overlay-gradient":""},"tablet":{"background-color":"var(--ast-global-color-4)","background-image":"","background-repeat":"repeat","background-position":"center center","background-size":"auto","background-attachment":"scroll","background-type":"","background-media":"","overlay-type":"","overlay-color":"","overlay-opacity":"","overlay-gradient":""},"mobile":{"background-color":"var(--ast-global-color-4)","background-image":"","background-repeat":"repeat","background-position":"center center","background-size":"auto","background-attachment":"scroll","background-type":"","background-media":"","overlay-type":"","overlay-color":"","overlay-opacity":"","overlay-gradient":""}},"footnotes":""},"class_list":["post-173","page","type-page","status-publish","hentry"],"yoast_head":"<!-- This site is optimized with the Yoast SEO plugin v27.4 - https:\/\/yoast.com\/product\/yoast-seo-wordpress\/ -->\n<title>Leximatch - Lexigo Games<\/title>\n<meta name=\"description\" content=\"Leximatch es un juego de vocabulario \u00e1gil. El objetivo es sencillo: deshazte de todas tus cartas haciendo coincidir im\u00e1genes y usando cartas comod\u00edn\u2026 \u00a1pero tendr\u00e1s que ser r\u00e1pido!\" \/>\n<meta name=\"robots\" content=\"index, follow, max-snippet:-1, max-image-preview:large, max-video-preview:-1\" \/>\n<link rel=\"canonical\" href=\"https:\/\/lexigogames.com\/es\/juegos\/leximatch\/\" \/>\n<meta property=\"og:locale\" content=\"es_ES\" \/>\n<meta property=\"og:type\" content=\"article\" \/>\n<meta property=\"og:title\" content=\"Leximatch - Lexigo Games\" \/>\n<meta property=\"og:description\" content=\"Leximatch es un juego de vocabulario \u00e1gil. El objetivo es sencillo: deshazte de todas tus cartas haciendo coincidir im\u00e1genes y usando cartas comod\u00edn\u2026 \u00a1pero tendr\u00e1s que ser r\u00e1pido!\" \/>\n<meta property=\"og:url\" content=\"https:\/\/lexigogames.com\/es\/juegos\/leximatch\/\" \/>\n<meta property=\"og:site_name\" content=\"Lexigo Games\" \/>\n<meta property=\"article:modified_time\" content=\"2026-04-15T09:36:21+00:00\" \/>\n<meta property=\"og:image\" content=\"https:\/\/lexigogames.com\/wp-content\/uploads\/2026\/04\/capa-1.png\" \/>\n<meta name=\"twitter:card\" content=\"summary_large_image\" \/>\n<meta name=\"twitter:label1\" content=\"Tiempo de lectura\" \/>\n\t<meta name=\"twitter:data1\" content=\"1 minuto\" \/>\n<script type=\"application\/ld+json\" class=\"yoast-schema-graph\">{\"@context\":\"https:\\\/\\\/schema.org\",\"@graph\":[{\"@type\":\"WebPage\",\"@id\":\"https:\\\/\\\/lexigogames.com\\\/es\\\/juegos\\\/leximatch\\\/\",\"url\":\"https:\\\/\\\/lexigogames.com\\\/es\\\/juegos\\\/leximatch\\\/\",\"name\":\"Leximatch - Lexigo Games\",\"isPartOf\":{\"@id\":\"https:\\\/\\\/lexigogames.com\\\/es\\\/#website\"},\"primaryImageOfPage\":{\"@id\":\"https:\\\/\\\/lexigogames.com\\\/es\\\/juegos\\\/leximatch\\\/#primaryimage\"},\"image\":{\"@id\":\"https:\\\/\\\/lexigogames.com\\\/es\\\/juegos\\\/leximatch\\\/#primaryimage\"},\"thumbnailUrl\":\"https:\\\/\\\/lexigogames.com\\\/wp-content\\\/uploads\\\/2026\\\/04\\\/capa-1.png\",\"datePublished\":\"2026-04-01T09:54:55+00:00\",\"dateModified\":\"2026-04-15T09:36:21+00:00\",\"description\":\"Leximatch es un juego de vocabulario \u00e1gil. El objetivo es sencillo: deshazte de todas tus cartas haciendo coincidir im\u00e1genes y usando cartas comod\u00edn\u2026 \u00a1pero tendr\u00e1s que ser r\u00e1pido!\",\"breadcrumb\":{\"@id\":\"https:\\\/\\\/lexigogames.com\\\/es\\\/juegos\\\/leximatch\\\/#breadcrumb\"},\"inLanguage\":\"es\",\"potentialAction\":[{\"@type\":\"ReadAction\",\"target\":[\"https:\\\/\\\/lexigogames.com\\\/es\\\/juegos\\\/leximatch\\\/\"]}]},{\"@type\":\"ImageObject\",\"inLanguage\":\"es\",\"@id\":\"https:\\\/\\\/lexigogames.com\\\/es\\\/juegos\\\/leximatch\\\/#primaryimage\",\"url\":\"https:\\\/\\\/lexigogames.com\\\/wp-content\\\/uploads\\\/2026\\\/04\\\/capa-1.png\",\"contentUrl\":\"https:\\\/\\\/lexigogames.com\\\/wp-content\\\/uploads\\\/2026\\\/04\\\/capa-1.png\"},{\"@type\":\"BreadcrumbList\",\"@id\":\"https:\\\/\\\/lexigogames.com\\\/es\\\/juegos\\\/leximatch\\\/#breadcrumb\",\"itemListElement\":[{\"@type\":\"ListItem\",\"position\":1,\"name\":\"Home\",\"item\":\"https:\\\/\\\/lexigogames.com\\\/es\\\/\"},{\"@type\":\"ListItem\",\"position\":2,\"name\":\"Juegos\",\"item\":\"https:\\\/\\\/lexigogames.com\\\/es\\\/games\\\/\"},{\"@type\":\"ListItem\",\"position\":3,\"name\":\"Leximatch\"}]},{\"@type\":\"WebSite\",\"@id\":\"https:\\\/\\\/lexigogames.com\\\/es\\\/#website\",\"url\":\"https:\\\/\\\/lexigogames.com\\\/es\\\/\",\"name\":\"Lexigo Games\",\"description\":\"\",\"publisher\":{\"@id\":\"https:\\\/\\\/lexigogames.com\\\/es\\\/#organization\"},\"potentialAction\":[{\"@type\":\"SearchAction\",\"target\":{\"@type\":\"EntryPoint\",\"urlTemplate\":\"https:\\\/\\\/lexigogames.com\\\/es\\\/?s={search_term_string}\"},\"query-input\":{\"@type\":\"PropertyValueSpecification\",\"valueRequired\":true,\"valueName\":\"search_term_string\"}}],\"inLanguage\":\"es\"},{\"@type\":\"Organization\",\"@id\":\"https:\\\/\\\/lexigogames.com\\\/es\\\/#organization\",\"name\":\"Lexigo Games\",\"url\":\"https:\\\/\\\/lexigogames.com\\\/es\\\/\",\"logo\":{\"@type\":\"ImageObject\",\"inLanguage\":\"es\",\"@id\":\"https:\\\/\\\/lexigogames.com\\\/es\\\/#\\\/schema\\\/logo\\\/image\\\/\",\"url\":\"https:\\\/\\\/lexigogames.com\\\/wp-content\\\/uploads\\\/2026\\\/04\\\/Capa_1.png\",\"contentUrl\":\"https:\\\/\\\/lexigogames.com\\\/wp-content\\\/uploads\\\/2026\\\/04\\\/Capa_1.png\",\"width\":441,\"height\":142,\"caption\":\"Lexigo Games\"},\"image\":{\"@id\":\"https:\\\/\\\/lexigogames.com\\\/es\\\/#\\\/schema\\\/logo\\\/image\\\/\"}}]}<\/script>\n<!-- \/ Yoast SEO plugin. -->","yoast_head_json":{"title":"Leximatch - Lexigo Games","description":"Leximatch es un juego de vocabulario \u00e1gil. El objetivo es sencillo: deshazte de todas tus cartas haciendo coincidir im\u00e1genes y usando cartas comod\u00edn\u2026 \u00a1pero tendr\u00e1s que ser r\u00e1pido!","robots":{"index":"index","follow":"follow","max-snippet":"max-snippet:-1","max-image-preview":"max-image-preview:large","max-video-preview":"max-video-preview:-1"},"canonical":"https:\/\/lexigogames.com\/es\/juegos\/leximatch\/","og_locale":"es_ES","og_type":"article","og_title":"Leximatch - Lexigo Games","og_description":"Leximatch es un juego de vocabulario \u00e1gil. El objetivo es sencillo: deshazte de todas tus cartas haciendo coincidir im\u00e1genes y usando cartas comod\u00edn\u2026 \u00a1pero tendr\u00e1s que ser r\u00e1pido!","og_url":"https:\/\/lexigogames.com\/es\/juegos\/leximatch\/","og_site_name":"Lexigo Games","article_modified_time":"2026-04-15T09:36:21+00:00","og_image":[{"url":"https:\/\/lexigogames.com\/wp-content\/uploads\/2026\/04\/capa-1.png","type":"","width":"","height":""}],"twitter_card":"summary_large_image","twitter_misc":{"Tiempo de lectura":"1 minuto"},"schema":{"@context":"https:\/\/schema.org","@graph":[{"@type":"WebPage","@id":"https:\/\/lexigogames.com\/es\/juegos\/leximatch\/","url":"https:\/\/lexigogames.com\/es\/juegos\/leximatch\/","name":"Leximatch - Lexigo Games","isPartOf":{"@id":"https:\/\/lexigogames.com\/es\/#website"},"primaryImageOfPage":{"@id":"https:\/\/lexigogames.com\/es\/juegos\/leximatch\/#primaryimage"},"image":{"@id":"https:\/\/lexigogames.com\/es\/juegos\/leximatch\/#primaryimage"},"thumbnailUrl":"https:\/\/lexigogames.com\/wp-content\/uploads\/2026\/04\/capa-1.png","datePublished":"2026-04-01T09:54:55+00:00","dateModified":"2026-04-15T09:36:21+00:00","description":"Leximatch es un juego de vocabulario \u00e1gil. El objetivo es sencillo: deshazte de todas tus cartas haciendo coincidir im\u00e1genes y usando cartas comod\u00edn\u2026 \u00a1pero tendr\u00e1s que ser r\u00e1pido!","breadcrumb":{"@id":"https:\/\/lexigogames.com\/es\/juegos\/leximatch\/#breadcrumb"},"inLanguage":"es","potentialAction":[{"@type":"ReadAction","target":["https:\/\/lexigogames.com\/es\/juegos\/leximatch\/"]}]},{"@type":"ImageObject","inLanguage":"es","@id":"https:\/\/lexigogames.com\/es\/juegos\/leximatch\/#primaryimage","url":"https:\/\/lexigogames.com\/wp-content\/uploads\/2026\/04\/capa-1.png","contentUrl":"https:\/\/lexigogames.com\/wp-content\/uploads\/2026\/04\/capa-1.png"},{"@type":"BreadcrumbList","@id":"https:\/\/lexigogames.com\/es\/juegos\/leximatch\/#breadcrumb","itemListElement":[{"@type":"ListItem","position":1,"name":"Home","item":"https:\/\/lexigogames.com\/es\/"},{"@type":"ListItem","position":2,"name":"Juegos","item":"https:\/\/lexigogames.com\/es\/games\/"},{"@type":"ListItem","position":3,"name":"Leximatch"}]},{"@type":"WebSite","@id":"https:\/\/lexigogames.com\/es\/#website","url":"https:\/\/lexigogames.com\/es\/","name":"Lexigo Games","description":"","publisher":{"@id":"https:\/\/lexigogames.com\/es\/#organization"},"potentialAction":[{"@type":"SearchAction","target":{"@type":"EntryPoint","urlTemplate":"https:\/\/lexigogames.com\/es\/?s={search_term_string}"},"query-input":{"@type":"PropertyValueSpecification","valueRequired":true,"valueName":"search_term_string"}}],"inLanguage":"es"},{"@type":"Organization","@id":"https:\/\/lexigogames.com\/es\/#organization","name":"Lexigo Games","url":"https:\/\/lexigogames.com\/es\/","logo":{"@type":"ImageObject","inLanguage":"es","@id":"https:\/\/lexigogames.com\/es\/#\/schema\/logo\/image\/","url":"https:\/\/lexigogames.com\/wp-content\/uploads\/2026\/04\/Capa_1.png","contentUrl":"https:\/\/lexigogames.com\/wp-content\/uploads\/2026\/04\/Capa_1.png","width":441,"height":142,"caption":"Lexigo Games"},"image":{"@id":"https:\/\/lexigogames.com\/es\/#\/schema\/logo\/image\/"}}]}},"uagb_featured_image_src":{"full":false,"thumbnail":false,"medium":false,"medium_large":false,"large":false,"1536x1536":false,"2048x2048":false},"uagb_author_info":{"display_name":"nordkat_admin","author_link":"https:\/\/lexigogames.com\/es\/author\/nordkat_admin\/"},"uagb_comment_info":0,"uagb_excerpt":"Leximatch Leximatch es un juego de vocabulario \u00e1gil. El objetivo es sencillo: deshazte de todas tus cartas haciendo coincidir im\u00e1genes [&hellip;]","_links":{"self":[{"href":"https:\/\/lexigogames.com\/es\/wp-json\/wp\/v2\/pages\/173","targetHints":{"allow":["GET"]}}],"collection":[{"href":"https:\/\/lexigogames.com\/es\/wp-json\/wp\/v2\/pages"}],"about":[{"href":"https:\/\/lexigogames.com\/es\/wp-json\/wp\/v2\/types\/page"}],"author":[{"embeddable":true,"href":"https:\/\/lexigogames.com\/es\/wp-json\/wp\/v2\/users\/1"}],"replies":[{"embeddable":true,"href":"https:\/\/lexigogames.com\/es\/wp-json\/wp\/v2\/comments?post=173"}],"version-history":[{"count":7,"href":"https:\/\/lexigogames.com\/es\/wp-json\/wp\/v2\/pages\/173\/revisions"}],"predecessor-version":[{"id":275,"href":"https:\/\/lexigogames.com\/es\/wp-json\/wp\/v2\/pages\/173\/revisions\/275"}],"up":[{"embeddable":true,"href":"https:\/\/lexigogames.com\/es\/wp-json\/wp\/v2\/pages\/169"}],"wp:attachment":[{"href":"https:\/\/lexigogames.com\/es\/wp-json\/wp\/v2\/media?parent=173"}],"curies":[{"name":"wp","href":"https:\/\/api.w.org\/{rel}","templated":true}]}}