{"id":165,"date":"2026-04-01T11:47:40","date_gmt":"2026-04-01T09:47:40","guid":{"rendered":"https:\/\/lexigogames.com\/sobre-nosotras\/"},"modified":"2026-04-15T13:17:03","modified_gmt":"2026-04-15T11:17:03","slug":"sobre-nosotras","status":"publish","type":"page","link":"https:\/\/lexigogames.com\/es\/sobre-nosotras\/","title":{"rendered":"Sobre Nosotras"},"content":{"rendered":"\n<div class=\"wp-block-uagb-container uagb-block-4303be43 alignfull uagb-is-root-container\"><div class=\"uagb-container-inner-blocks-wrap\">\n<div data-aos= \"fade-left\" data-aos-duration=\"400\" data-aos-delay=\"0\" data-aos-easing=\"ease\" data-aos-once=\"true\" class=\"wp-block-uagb-advanced-heading uagb-block-7d9d5e07\"><h1 class=\"uagb-heading-text\">Desde el amor por los idiomas hasta el aprendizaje a trav\u00e9s del juego.<\/h1><\/div>\n<\/div><\/div>\n\n<div class=\"wp-block-uagb-container uagb-block-0b3a221f alignfull uagb-is-root-container\"><div class=\"uagb-container-inner-blocks-wrap\">\n<div data-aos= \"fade-up\" data-aos-duration=\"400\" data-aos-delay=\"0\" data-aos-easing=\"ease\" data-aos-once=\"true\" class=\"wp-block-uagb-container uagb-block-40a22f41\">\n<div class=\"wp-block-uagb-advanced-heading uagb-block-92300e8d\"><h2 class=\"uagb-heading-text\">Somos un proyecto de recursos para el aprendizaje del ingl\u00e9s con base en Catalu\u00f1a. Queremos ayudar a familias, docentes y estudiantes a fomentar el aprendizaje del ingl\u00e9s a trav\u00e9s del juego.<\/h2><\/div>\n<\/div>\n\n\n\n<div data-aos= \"fade-up\" data-aos-duration=\"400\" data-aos-delay=\"0\" data-aos-easing=\"ease\" data-aos-once=\"true\" class=\"wp-block-uagb-container uagb-block-8f453dd1\">\n<div class=\"wp-block-columns is-layout-flex wp-container-core-columns-is-layout-65eef5bf wp-block-columns-is-layout-flex\">\n<div class=\"wp-block-column is-layout-flow wp-block-column-is-layout-flow\">\n<p class=\"has-ast-global-color-3-color has-text-color has-link-color wp-elements-b266df5491b9904edc33595e9ee8d3d7\" style=\"line-height:1.2\">Anna es una ling\u00fcista motivada que habla seis idiomas. Aprendi\u00f3 catal\u00e1n por casualidad en 2014 durante una visita a Solsona y descubri\u00f3 formas m\u00e1s naturales de aprender a trav\u00e9s del juego tras haber estudiado otros idiomas en entornos m\u00e1s r\u00edgidos, basados en libros de texto. En 2020 fund\u00f3 English amb l\u2019Anna, una escuela de ingl\u00e9s que promueve el aprendizaje mediante el juego, el arte, los proyectos, el teatro y m\u00e1s.   <\/p>\n\n\n\n<p class=\"has-ast-global-color-3-color has-text-color has-link-color wp-elements-7136851efb44fd7dbe2e88e56e617816\" style=\"line-height:1.2\">Hollie es maestra de primaria formada en el Reino Unido y una gran aficionada a los juegos de mesa y a los viajes. Tras tener dificultades para aprender idiomas en el colegio, descubri\u00f3 lo mucho m\u00e1s eficaz \u2014y divertido\u2014 que puede ser aprender a trav\u00e9s del juego y la creatividad. Hollie se uni\u00f3 a English amb l\u2019Anna en 2024 y, tras un a\u00f1o trabajando juntas, naci\u00f3 Lexigo en 2025, cuando decidieron hacer algo por todas las familias y estudiantes que les ped\u00edan consejo sobre qu\u00e9 comprar o qu\u00e9 hacer para mejorar su ingl\u00e9s.  <\/p>\n\n\n\n<p class=\"has-ast-global-color-3-color has-text-color has-link-color wp-elements-a40ba595dd869ef35bda4919ccbbc776\" style=\"line-height:1.2\">Nuestros juegos han sido creados por nosotras en nuestra escuela de idiomas en Solsona, Catalu\u00f1a, y gustaron tanto a nuestros estudiantes que decidimos fabricarlos para ponerlos al alcance de m\u00e1s personas que quieren aprender.<\/p>\n<\/div>\n\n\n\n<div class=\"wp-block-column is-vertically-aligned-bottom is-layout-flow wp-container-core-column-is-layout-a77db08e wp-block-column-is-layout-flow\">\n<figure class=\"wp-block-image alignright size-full is-resized\" style=\"margin-top:0;margin-right:0;margin-bottom:0;margin-left:0\"><img loading=\"lazy\" decoding=\"async\" width=\"732\" height=\"703\" src=\"https:\/\/lexigogames.com\/wp-content\/uploads\/2026\/04\/capa-1.png\" alt=\"Sobre Nosotras\" class=\"wp-image-77\" style=\"aspect-ratio:1.04128533658735;object-fit:contain;width:400px\" srcset=\"https:\/\/lexigogames.com\/wp-content\/uploads\/2026\/04\/capa-1.png 732w, https:\/\/lexigogames.com\/wp-content\/uploads\/2026\/04\/capa-1-300x288.png 300w\" sizes=\"auto, (max-width: 732px) 100vw, 732px\" \/><\/figure>\n<\/div>\n<\/div>\n<\/div>\n<\/div><\/div>\n","protected":false},"excerpt":{"rendered":"<p>Desde el amor por los idiomas hasta el aprendizaje a trav\u00e9s del juego. Somos un proyecto de recursos para el [&hellip;]<\/p>\n","protected":false},"author":1,"featured_media":0,"parent":0,"menu_order":4,"comment_status":"closed","ping_status":"closed","template":"","meta":{"_uag_custom_page_level_css":"","site-sidebar-layout":"default","site-content-layout":"","ast-site-content-layout":"default","site-content-style":"default","site-sidebar-style":"default","ast-global-header-display":"","ast-banner-title-visibility":"","ast-main-header-display":"","ast-hfb-above-header-display":"","ast-hfb-below-header-display":"","ast-hfb-mobile-header-display":"","site-post-title":"","ast-breadcrumbs-content":"","ast-featured-img":"","footer-sml-layout":"","ast-disable-related-posts":"","theme-transparent-header-meta":"","adv-header-id-meta":"","stick-header-meta":"","header-above-stick-meta":"","header-main-stick-meta":"","header-below-stick-meta":"","astra-migrate-meta-layouts":"default","ast-page-background-enabled":"default","ast-page-background-meta":{"desktop":{"background-color":"var(--ast-global-color-5)","background-image":"","background-repeat":"repeat","background-position":"center center","background-size":"auto","background-attachment":"scroll","background-type":"","background-media":"","overlay-type":"","overlay-color":"","overlay-opacity":"","overlay-gradient":""},"tablet":{"background-color":"","background-image":"","background-repeat":"repeat","background-position":"center center","background-size":"auto","background-attachment":"scroll","background-type":"","background-media":"","overlay-type":"","overlay-color":"","overlay-opacity":"","overlay-gradient":""},"mobile":{"background-color":"","background-image":"","background-repeat":"repeat","background-position":"center center","background-size":"auto","background-attachment":"scroll","background-type":"","background-media":"","overlay-type":"","overlay-color":"","overlay-opacity":"","overlay-gradient":""}},"ast-content-background-meta":{"desktop":{"background-color":"var(--ast-global-color-4)","background-image":"","background-repeat":"repeat","background-position":"center center","background-size":"auto","background-attachment":"scroll","background-type":"","background-media":"","overlay-type":"","overlay-color":"","overlay-opacity":"","overlay-gradient":""},"tablet":{"background-color":"var(--ast-global-color-4)","background-image":"","background-repeat":"repeat","background-position":"center center","background-size":"auto","background-attachment":"scroll","background-type":"","background-media":"","overlay-type":"","overlay-color":"","overlay-opacity":"","overlay-gradient":""},"mobile":{"background-color":"var(--ast-global-color-4)","background-image":"","background-repeat":"repeat","background-position":"center center","background-size":"auto","background-attachment":"scroll","background-type":"","background-media":"","overlay-type":"","overlay-color":"","overlay-opacity":"","overlay-gradient":""}},"footnotes":""},"class_list":["post-165","page","type-page","status-publish","hentry"],"yoast_head":"<!-- This site is optimized with the Yoast SEO plugin v27.4 - https:\/\/yoast.com\/product\/yoast-seo-wordpress\/ -->\n<title>Sobre nosotras - Lexigo Games<\/title>\n<meta name=\"description\" content=\"We are a Catalonia-based English language resources project looking to help parents, teachers and learners promote English language learning through play.\" \/>\n<meta name=\"robots\" content=\"index, follow, max-snippet:-1, max-image-preview:large, max-video-preview:-1\" \/>\n<link rel=\"canonical\" href=\"https:\/\/lexigogames.com\/es\/sobre-nosotras\/\" \/>\n<meta property=\"og:locale\" content=\"es_ES\" \/>\n<meta property=\"og:type\" content=\"article\" \/>\n<meta property=\"og:title\" content=\"Sobre nosotras - Lexigo Games\" \/>\n<meta property=\"og:description\" content=\"We are a Catalonia-based English language resources project looking to help parents, teachers and learners promote English language learning through play.\" \/>\n<meta property=\"og:url\" content=\"https:\/\/lexigogames.com\/es\/sobre-nosotras\/\" \/>\n<meta property=\"og:site_name\" content=\"Lexigo Games\" \/>\n<meta property=\"article:modified_time\" content=\"2026-04-15T11:17:03+00:00\" \/>\n<meta property=\"og:image\" content=\"https:\/\/lexigogames.com\/wp-content\/uploads\/2026\/04\/capa-1.png\" \/>\n\t<meta property=\"og:image:width\" content=\"732\" \/>\n\t<meta property=\"og:image:height\" content=\"703\" \/>\n\t<meta property=\"og:image:type\" content=\"image\/png\" \/>\n<meta name=\"twitter:card\" content=\"summary_large_image\" \/>\n<meta name=\"twitter:label1\" content=\"Tiempo de lectura\" \/>\n\t<meta name=\"twitter:data1\" content=\"1 minuto\" \/>\n<script type=\"application\/ld+json\" class=\"yoast-schema-graph\">{\"@context\":\"https:\\\/\\\/schema.org\",\"@graph\":[{\"@type\":\"WebPage\",\"@id\":\"https:\\\/\\\/lexigogames.com\\\/es\\\/sobre-nosotras\\\/\",\"url\":\"https:\\\/\\\/lexigogames.com\\\/es\\\/sobre-nosotras\\\/\",\"name\":\"Sobre nosotras - Lexigo Games\",\"isPartOf\":{\"@id\":\"https:\\\/\\\/lexigogames.com\\\/es\\\/#website\"},\"primaryImageOfPage\":{\"@id\":\"https:\\\/\\\/lexigogames.com\\\/es\\\/sobre-nosotras\\\/#primaryimage\"},\"image\":{\"@id\":\"https:\\\/\\\/lexigogames.com\\\/es\\\/sobre-nosotras\\\/#primaryimage\"},\"thumbnailUrl\":\"https:\\\/\\\/lexigogames.com\\\/wp-content\\\/uploads\\\/2026\\\/04\\\/capa-1.png\",\"datePublished\":\"2026-04-01T09:47:40+00:00\",\"dateModified\":\"2026-04-15T11:17:03+00:00\",\"description\":\"We are a Catalonia-based English language resources project looking to help parents, teachers and learners promote English language learning through play.\",\"breadcrumb\":{\"@id\":\"https:\\\/\\\/lexigogames.com\\\/es\\\/sobre-nosotras\\\/#breadcrumb\"},\"inLanguage\":\"es\",\"potentialAction\":[{\"@type\":\"ReadAction\",\"target\":[\"https:\\\/\\\/lexigogames.com\\\/es\\\/sobre-nosotras\\\/\"]}]},{\"@type\":\"ImageObject\",\"inLanguage\":\"es\",\"@id\":\"https:\\\/\\\/lexigogames.com\\\/es\\\/sobre-nosotras\\\/#primaryimage\",\"url\":\"https:\\\/\\\/lexigogames.com\\\/wp-content\\\/uploads\\\/2026\\\/04\\\/capa-1.png\",\"contentUrl\":\"https:\\\/\\\/lexigogames.com\\\/wp-content\\\/uploads\\\/2026\\\/04\\\/capa-1.png\"},{\"@type\":\"BreadcrumbList\",\"@id\":\"https:\\\/\\\/lexigogames.com\\\/es\\\/sobre-nosotras\\\/#breadcrumb\",\"itemListElement\":[{\"@type\":\"ListItem\",\"position\":1,\"name\":\"Home\",\"item\":\"https:\\\/\\\/lexigogames.com\\\/es\\\/\"},{\"@type\":\"ListItem\",\"position\":2,\"name\":\"Sobre Nosotras\"}]},{\"@type\":\"WebSite\",\"@id\":\"https:\\\/\\\/lexigogames.com\\\/es\\\/#website\",\"url\":\"https:\\\/\\\/lexigogames.com\\\/es\\\/\",\"name\":\"Lexigo Games\",\"description\":\"\",\"publisher\":{\"@id\":\"https:\\\/\\\/lexigogames.com\\\/es\\\/#organization\"},\"potentialAction\":[{\"@type\":\"SearchAction\",\"target\":{\"@type\":\"EntryPoint\",\"urlTemplate\":\"https:\\\/\\\/lexigogames.com\\\/es\\\/?s={search_term_string}\"},\"query-input\":{\"@type\":\"PropertyValueSpecification\",\"valueRequired\":true,\"valueName\":\"search_term_string\"}}],\"inLanguage\":\"es\"},{\"@type\":\"Organization\",\"@id\":\"https:\\\/\\\/lexigogames.com\\\/es\\\/#organization\",\"name\":\"Lexigo Games\",\"url\":\"https:\\\/\\\/lexigogames.com\\\/es\\\/\",\"logo\":{\"@type\":\"ImageObject\",\"inLanguage\":\"es\",\"@id\":\"https:\\\/\\\/lexigogames.com\\\/es\\\/#\\\/schema\\\/logo\\\/image\\\/\",\"url\":\"https:\\\/\\\/lexigogames.com\\\/wp-content\\\/uploads\\\/2026\\\/04\\\/Capa_1.png\",\"contentUrl\":\"https:\\\/\\\/lexigogames.com\\\/wp-content\\\/uploads\\\/2026\\\/04\\\/Capa_1.png\",\"width\":441,\"height\":142,\"caption\":\"Lexigo Games\"},\"image\":{\"@id\":\"https:\\\/\\\/lexigogames.com\\\/es\\\/#\\\/schema\\\/logo\\\/image\\\/\"}}]}<\/script>\n<!-- \/ Yoast SEO plugin. -->","yoast_head_json":{"title":"Sobre nosotras - Lexigo Games","description":"We are a Catalonia-based English language resources project looking to help parents, teachers and learners promote English language learning through play.","robots":{"index":"index","follow":"follow","max-snippet":"max-snippet:-1","max-image-preview":"max-image-preview:large","max-video-preview":"max-video-preview:-1"},"canonical":"https:\/\/lexigogames.com\/es\/sobre-nosotras\/","og_locale":"es_ES","og_type":"article","og_title":"Sobre nosotras - Lexigo Games","og_description":"We are a Catalonia-based English language resources project looking to help parents, teachers and learners promote English language learning through play.","og_url":"https:\/\/lexigogames.com\/es\/sobre-nosotras\/","og_site_name":"Lexigo Games","article_modified_time":"2026-04-15T11:17:03+00:00","og_image":[{"width":732,"height":703,"url":"https:\/\/lexigogames.com\/wp-content\/uploads\/2026\/04\/capa-1.png","type":"image\/png"}],"twitter_card":"summary_large_image","twitter_misc":{"Tiempo de lectura":"1 minuto"},"schema":{"@context":"https:\/\/schema.org","@graph":[{"@type":"WebPage","@id":"https:\/\/lexigogames.com\/es\/sobre-nosotras\/","url":"https:\/\/lexigogames.com\/es\/sobre-nosotras\/","name":"Sobre nosotras - Lexigo Games","isPartOf":{"@id":"https:\/\/lexigogames.com\/es\/#website"},"primaryImageOfPage":{"@id":"https:\/\/lexigogames.com\/es\/sobre-nosotras\/#primaryimage"},"image":{"@id":"https:\/\/lexigogames.com\/es\/sobre-nosotras\/#primaryimage"},"thumbnailUrl":"https:\/\/lexigogames.com\/wp-content\/uploads\/2026\/04\/capa-1.png","datePublished":"2026-04-01T09:47:40+00:00","dateModified":"2026-04-15T11:17:03+00:00","description":"We are a Catalonia-based English language resources project looking to help parents, teachers and learners promote English language learning through play.","breadcrumb":{"@id":"https:\/\/lexigogames.com\/es\/sobre-nosotras\/#breadcrumb"},"inLanguage":"es","potentialAction":[{"@type":"ReadAction","target":["https:\/\/lexigogames.com\/es\/sobre-nosotras\/"]}]},{"@type":"ImageObject","inLanguage":"es","@id":"https:\/\/lexigogames.com\/es\/sobre-nosotras\/#primaryimage","url":"https:\/\/lexigogames.com\/wp-content\/uploads\/2026\/04\/capa-1.png","contentUrl":"https:\/\/lexigogames.com\/wp-content\/uploads\/2026\/04\/capa-1.png"},{"@type":"BreadcrumbList","@id":"https:\/\/lexigogames.com\/es\/sobre-nosotras\/#breadcrumb","itemListElement":[{"@type":"ListItem","position":1,"name":"Home","item":"https:\/\/lexigogames.com\/es\/"},{"@type":"ListItem","position":2,"name":"Sobre Nosotras"}]},{"@type":"WebSite","@id":"https:\/\/lexigogames.com\/es\/#website","url":"https:\/\/lexigogames.com\/es\/","name":"Lexigo Games","description":"","publisher":{"@id":"https:\/\/lexigogames.com\/es\/#organization"},"potentialAction":[{"@type":"SearchAction","target":{"@type":"EntryPoint","urlTemplate":"https:\/\/lexigogames.com\/es\/?s={search_term_string}"},"query-input":{"@type":"PropertyValueSpecification","valueRequired":true,"valueName":"search_term_string"}}],"inLanguage":"es"},{"@type":"Organization","@id":"https:\/\/lexigogames.com\/es\/#organization","name":"Lexigo Games","url":"https:\/\/lexigogames.com\/es\/","logo":{"@type":"ImageObject","inLanguage":"es","@id":"https:\/\/lexigogames.com\/es\/#\/schema\/logo\/image\/","url":"https:\/\/lexigogames.com\/wp-content\/uploads\/2026\/04\/Capa_1.png","contentUrl":"https:\/\/lexigogames.com\/wp-content\/uploads\/2026\/04\/Capa_1.png","width":441,"height":142,"caption":"Lexigo Games"},"image":{"@id":"https:\/\/lexigogames.com\/es\/#\/schema\/logo\/image\/"}}]}},"uagb_featured_image_src":{"full":false,"thumbnail":false,"medium":false,"medium_large":false,"large":false,"1536x1536":false,"2048x2048":false},"uagb_author_info":{"display_name":"nordkat_admin","author_link":"https:\/\/lexigogames.com\/es\/author\/nordkat_admin\/"},"uagb_comment_info":0,"uagb_excerpt":"Desde el amor por los idiomas hasta el aprendizaje a trav\u00e9s del juego. Somos un proyecto de recursos para el [&hellip;]","_links":{"self":[{"href":"https:\/\/lexigogames.com\/es\/wp-json\/wp\/v2\/pages\/165","targetHints":{"allow":["GET"]}}],"collection":[{"href":"https:\/\/lexigogames.com\/es\/wp-json\/wp\/v2\/pages"}],"about":[{"href":"https:\/\/lexigogames.com\/es\/wp-json\/wp\/v2\/types\/page"}],"author":[{"embeddable":true,"href":"https:\/\/lexigogames.com\/es\/wp-json\/wp\/v2\/users\/1"}],"replies":[{"embeddable":true,"href":"https:\/\/lexigogames.com\/es\/wp-json\/wp\/v2\/comments?post=165"}],"version-history":[{"count":7,"href":"https:\/\/lexigogames.com\/es\/wp-json\/wp\/v2\/pages\/165\/revisions"}],"predecessor-version":[{"id":287,"href":"https:\/\/lexigogames.com\/es\/wp-json\/wp\/v2\/pages\/165\/revisions\/287"}],"wp:attachment":[{"href":"https:\/\/lexigogames.com\/es\/wp-json\/wp\/v2\/media?parent=165"}],"curies":[{"name":"wp","href":"https:\/\/api.w.org\/{rel}","templated":true}]}}