{"id":157,"date":"2026-04-01T11:46:29","date_gmt":"2026-04-01T09:46:29","guid":{"rendered":"https:\/\/lexigogames.com\/inicio\/"},"modified":"2026-04-15T13:17:03","modified_gmt":"2026-04-15T11:17:03","slug":"inicio","status":"publish","type":"page","link":"https:\/\/lexigogames.com\/es\/","title":{"rendered":"Inicio"},"content":{"rendered":"\n<div class=\"wp-block-uagb-container uagb-block-4303be43 alignfull uagb-is-root-container\"><div class=\"uagb-container-inner-blocks-wrap\">\n<div data-aos= \"zoom-in\" data-aos-duration=\"400\" data-aos-delay=\"0\" data-aos-easing=\"ease\" data-aos-once=\"true\" class=\"wp-block-uagb-advanced-heading uagb-block-7d9d5e07\"><h1 class=\"uagb-heading-text\">Piensa.Juega.Aprende.<\/h1><\/div>\n<\/div><\/div>\n\n<div class=\"wp-block-uagb-container uagb-block-0b3a221f alignfull uagb-is-root-container\"><div class=\"uagb-container-inner-blocks-wrap\">\n<div data-aos= \"fade-up\" data-aos-duration=\"400\" data-aos-delay=\"0\" data-aos-easing=\"ease\" data-aos-once=\"true\" class=\"wp-block-uagb-container uagb-block-40a22f41\">\n<div class=\"wp-block-uagb-advanced-heading uagb-block-92300e8d\"><h2 class=\"uagb-heading-text\">Somos un proyecto de recursos para el aprendizaje del ingl\u00e9s con base en Catalu\u00f1a. Queremos ayudar a familias, docentes y estudiantes a fomentar el aprendizaje del ingl\u00e9s a trav\u00e9s del juego.<\/h2><\/div>\n<\/div>\n\n\n\n<div data-aos= \"fade-up\" data-aos-duration=\"400\" data-aos-delay=\"0\" data-aos-easing=\"ease\" data-aos-once=\"true\" class=\"wp-block-uagb-container uagb-block-02e62307\">\n<div class=\"wp-block-columns is-layout-flex wp-container-core-columns-is-layout-99de5ce1 wp-block-columns-is-layout-flex\" style=\"margin-top:0;margin-bottom:0;padding-top:0;padding-right:0;padding-bottom:0;padding-left:0\">\n<div class=\"wp-block-column is-layout-flow wp-container-core-column-is-layout-8a368f38 wp-block-column-is-layout-flow\">\n<div class=\"wp-block-buttons is-layout-flex wp-container-core-buttons-is-layout-168ce233 wp-block-buttons-is-layout-flex\">\n<div class=\"wp-block-button\"><a class=\"wp-block-button__link wp-element-button\" href=\"https:\/\/lexigogames.com\/es\/sobre-nosotras\/\">Sobre Nosotras<\/a><\/div>\n<\/div>\n<\/div>\n\n\n\n<div class=\"wp-block-column is-layout-flow wp-block-column-is-layout-flow\">\n<p class=\"has-ast-global-color-3-color has-text-color has-link-color wp-elements-f811138c21b94aa7c1da489cd3800dce\" style=\"margin-top:var(--wp--preset--spacing--70);margin-bottom:0;line-height:1.2\">Creemos que aprender ingl\u00e9s deber\u00eda ser como jugar a tu juego favorito: emocionante, social y \u00a1dif\u00edcil de dejar!<br\/>Nuestros juegos animan a los jugadores a hablar y expresarse de forma natural, ganando confianza mientras se divierten. <br\/><br\/>Dise\u00f1amos cada juego para generar conversaciones reales, risas y conexi\u00f3n, porque es hablando como realmente se aprende un idioma. Tambi\u00e9n queremos ofrecer herramientas accesibles y divertidas para que familias, docentes y estudiantes puedan seguir aprendiendo en casa, m\u00e1s all\u00e1 del aula. <\/p>\n<\/div>\n<\/div>\n<\/div>\n<\/div><\/div>\n\n<div class=\"wp-block-uagb-container uagb-block-df8e34fe alignfull uagb-is-root-container\"><div class=\"uagb-container-inner-blocks-wrap\">\n<div data-aos= \"fade-up\" data-aos-duration=\"400\" data-aos-delay=\"0\" data-aos-easing=\"ease\" data-aos-once=\"true\" class=\"wp-block-uagb-container uagb-block-3336cde6\">\n<div class=\"wp-block-uagb-advanced-heading uagb-block-06b0a063\"><h2 class=\"uagb-heading-text\">Productos Lexigo<\/h2><\/div>\n<\/div>\n\n\n\n<div class=\"wp-block-columns is-layout-flex wp-container-core-columns-is-layout-28f84493 wp-block-columns-is-layout-flex\">\n<div class=\"wp-block-column is-layout-flow wp-block-column-is-layout-flow\" style=\"flex-basis:25%\">\n<div data-aos= \"fade-up\" data-aos-duration=\"400\" data-aos-delay=\"0\" data-aos-easing=\"ease\" data-aos-once=\"true\" class=\"wp-block-uagb-container uagb-block-aee728b6\">\n<div class=\"wp-block-uagb-image uagb-block-a3a68504 wp-block-uagb-image--layout-default wp-block-uagb-image--effect-static wp-block-uagb-image--align-none\"><figure class=\"wp-block-uagb-image__figure\"><img decoding=\"async\" srcset=\"https:\/\/lexigogames.com\/wp-content\/uploads\/2026\/04\/jc1179-4777-pano-resized-1-2.jpg ,https:\/\/lexigogames.com\/wp-content\/uploads\/2026\/04\/jc1179-4777-pano-resized-1-2.jpg 780w, https:\/\/lexigogames.com\/wp-content\/uploads\/2026\/04\/jc1179-4777-pano-resized-1-2.jpg 360w\" sizes=\"auto, (max-width: 480px) 150px\" src=\"https:\/\/lexigogames.com\/wp-content\/uploads\/2026\/04\/jc1179-4777-pano-resized-1-2.jpg\" alt=\"\" class=\"uag-image-109\" width=\"670\" height=\"948\" title=\"JC1179-4777-Pano_resized (1) 2\" loading=\"lazy\" role=\"img\"><\/figure><\/div>\n\n\n\n<div class=\"wp-block-uagb-advanced-heading uagb-block-a7c48dc4\"><h3 class=\"uagb-heading-text\">Leximatch<\/h3><\/div>\n\n\n\n<p class=\"has-ast-global-color-3-color has-text-color has-link-color wp-elements-4f1f2228143e1b77bcb01c07acca50d7\" style=\"margin-top:0;margin-right:0;margin-bottom:0;margin-left:0;padding-top:0;padding-right:0;padding-bottom:0;padding-left:0;line-height:1.3\">Leximatch es un juego de vocabulario \u00e1gil. El objetivo es sencillo: deshazte de todas tus cartas haciendo coincidir im\u00e1genes y usando cartas comod\u00edn\u2026 \u00a1pero tendr\u00e1s que ser r\u00e1pido!<\/p>\n<a class=\"spectra-container-link-overlay\" rel=\"noopener\" href=\"https:\/\/lexigogames.com\/es\/juegos\/leximatch\/\"> <\/a><\/div>\n<\/div>\n\n\n\n<div class=\"wp-block-column is-layout-flow wp-block-column-is-layout-flow\" style=\"flex-basis:25%\"><\/div>\n\n\n\n<div class=\"wp-block-column is-layout-flow wp-block-column-is-layout-flow\" style=\"flex-basis:25%\"><\/div>\n\n\n\n<div class=\"wp-block-column is-layout-flow wp-block-column-is-layout-flow\" style=\"flex-basis:25%\"><\/div>\n<\/div>\n<\/div><\/div>\n\n<p><\/p>\n","protected":false},"excerpt":{"rendered":"<p>Piensa.Juega.Aprende. Somos un proyecto de recursos para el aprendizaje del ingl\u00e9s con base en Catalu\u00f1a. Queremos ayudar a familias, docentes [&hellip;]<\/p>\n","protected":false},"author":1,"featured_media":0,"parent":0,"menu_order":1,"comment_status":"closed","ping_status":"closed","template":"","meta":{"_uag_custom_page_level_css":"","site-sidebar-layout":"no-sidebar","site-content-layout":"plain-container","ast-site-content-layout":"default","site-content-style":"default","site-sidebar-style":"default","ast-global-header-display":"","ast-banner-title-visibility":"","ast-main-header-display":"","ast-hfb-above-header-display":"","ast-hfb-below-header-display":"","ast-hfb-mobile-header-display":"","site-post-title":"disabled","ast-breadcrumbs-content":"","ast-featured-img":"","footer-sml-layout":"","ast-disable-related-posts":"","theme-transparent-header-meta":"enabled","adv-header-id-meta":"","stick-header-meta":"","header-above-stick-meta":"","header-main-stick-meta":"","header-below-stick-meta":"","astra-migrate-meta-layouts":"default","ast-page-background-enabled":"default","ast-page-background-meta":{"desktop":{"background-color":"var(--ast-global-color-5)","background-image":"","background-repeat":"repeat","background-position":"center center","background-size":"auto","background-attachment":"scroll","background-type":"","background-media":"","overlay-type":"","overlay-color":"","overlay-opacity":"","overlay-gradient":""},"tablet":{"background-color":"","background-image":"","background-repeat":"repeat","background-position":"center center","background-size":"auto","background-attachment":"scroll","background-type":"","background-media":"","overlay-type":"","overlay-color":"","overlay-opacity":"","overlay-gradient":""},"mobile":{"background-color":"","background-image":"","background-repeat":"repeat","background-position":"center center","background-size":"auto","background-attachment":"scroll","background-type":"","background-media":"","overlay-type":"","overlay-color":"","overlay-opacity":"","overlay-gradient":""}},"ast-content-background-meta":{"desktop":{"background-color":"var(--ast-global-color-4)","background-image":"","background-repeat":"repeat","background-position":"center center","background-size":"auto","background-attachment":"scroll","background-type":"","background-media":"","overlay-type":"","overlay-color":"","overlay-opacity":"","overlay-gradient":""},"tablet":{"background-color":"var(--ast-global-color-4)","background-image":"","background-repeat":"repeat","background-position":"center center","background-size":"auto","background-attachment":"scroll","background-type":"","background-media":"","overlay-type":"","overlay-color":"","overlay-opacity":"","overlay-gradient":""},"mobile":{"background-color":"var(--ast-global-color-4)","background-image":"","background-repeat":"repeat","background-position":"center center","background-size":"auto","background-attachment":"scroll","background-type":"","background-media":"","overlay-type":"","overlay-color":"","overlay-opacity":"","overlay-gradient":""}},"footnotes":""},"class_list":["post-157","page","type-page","status-publish","hentry"],"yoast_head":"<!-- This site is optimized with the Yoast SEO plugin v27.4 - https:\/\/yoast.com\/product\/yoast-seo-wordpress\/ -->\n<title>Juegos din\u00e1micos para estudiantes curiosos.rs - Lexigo Games<\/title>\n<meta name=\"description\" content=\"Nuestros juegos animan a los jugadores a hablar y expresarse de forma natural, ganando confianza mientras se divierten.\" \/>\n<meta name=\"robots\" content=\"index, follow, max-snippet:-1, max-image-preview:large, max-video-preview:-1\" \/>\n<link rel=\"canonical\" href=\"https:\/\/lexigogames.com\/es\/\" \/>\n<meta property=\"og:locale\" content=\"es_ES\" \/>\n<meta property=\"og:type\" content=\"article\" \/>\n<meta property=\"og:title\" content=\"Juegos din\u00e1micos para estudiantes curiosos.rs - Lexigo Games\" \/>\n<meta property=\"og:description\" content=\"Nuestros juegos animan a los jugadores a hablar y expresarse de forma natural, ganando confianza mientras se divierten.\" \/>\n<meta property=\"og:url\" content=\"https:\/\/lexigogames.com\/es\/\" \/>\n<meta property=\"og:site_name\" content=\"Lexigo Games\" \/>\n<meta property=\"article:modified_time\" content=\"2026-04-15T11:17:03+00:00\" \/>\n<meta property=\"og:image\" content=\"https:\/\/lexigogames.com\/wp-content\/uploads\/2026\/04\/jc1179-4777-pano-resized-1-2.jpg\" \/>\n<meta name=\"twitter:card\" content=\"summary_large_image\" \/>\n<meta name=\"twitter:label1\" content=\"Tiempo de lectura\" \/>\n\t<meta name=\"twitter:data1\" content=\"1 minuto\" \/>\n<script type=\"application\/ld+json\" class=\"yoast-schema-graph\">{\"@context\":\"https:\\\/\\\/schema.org\",\"@graph\":[{\"@type\":\"WebPage\",\"@id\":\"https:\\\/\\\/lexigogames.com\\\/es\\\/\",\"url\":\"https:\\\/\\\/lexigogames.com\\\/es\\\/\",\"name\":\"Juegos din\u00e1micos para estudiantes curiosos.rs - Lexigo Games\",\"isPartOf\":{\"@id\":\"https:\\\/\\\/lexigogames.com\\\/es\\\/#website\"},\"primaryImageOfPage\":{\"@id\":\"https:\\\/\\\/lexigogames.com\\\/es\\\/#primaryimage\"},\"image\":{\"@id\":\"https:\\\/\\\/lexigogames.com\\\/es\\\/#primaryimage\"},\"thumbnailUrl\":\"https:\\\/\\\/lexigogames.com\\\/wp-content\\\/uploads\\\/2026\\\/04\\\/jc1179-4777-pano-resized-1-2.jpg\",\"datePublished\":\"2026-04-01T09:46:29+00:00\",\"dateModified\":\"2026-04-15T11:17:03+00:00\",\"description\":\"Nuestros juegos animan a los jugadores a hablar y expresarse de forma natural, ganando confianza mientras se divierten.\",\"breadcrumb\":{\"@id\":\"https:\\\/\\\/lexigogames.com\\\/es\\\/#breadcrumb\"},\"inLanguage\":\"es\",\"potentialAction\":[{\"@type\":\"ReadAction\",\"target\":[\"https:\\\/\\\/lexigogames.com\\\/es\\\/\"]}]},{\"@type\":\"ImageObject\",\"inLanguage\":\"es\",\"@id\":\"https:\\\/\\\/lexigogames.com\\\/es\\\/#primaryimage\",\"url\":\"https:\\\/\\\/lexigogames.com\\\/wp-content\\\/uploads\\\/2026\\\/04\\\/jc1179-4777-pano-resized-1-2.jpg\",\"contentUrl\":\"https:\\\/\\\/lexigogames.com\\\/wp-content\\\/uploads\\\/2026\\\/04\\\/jc1179-4777-pano-resized-1-2.jpg\"},{\"@type\":\"BreadcrumbList\",\"@id\":\"https:\\\/\\\/lexigogames.com\\\/es\\\/#breadcrumb\",\"itemListElement\":[{\"@type\":\"ListItem\",\"position\":1,\"name\":\"Home\",\"item\":\"https:\\\/\\\/lexigogames.com\\\/es\\\/\"},{\"@type\":\"ListItem\",\"position\":2,\"name\":\"Inicio\"}]},{\"@type\":\"WebSite\",\"@id\":\"https:\\\/\\\/lexigogames.com\\\/es\\\/#website\",\"url\":\"https:\\\/\\\/lexigogames.com\\\/es\\\/\",\"name\":\"Lexigo Games\",\"description\":\"\",\"publisher\":{\"@id\":\"https:\\\/\\\/lexigogames.com\\\/es\\\/#organization\"},\"potentialAction\":[{\"@type\":\"SearchAction\",\"target\":{\"@type\":\"EntryPoint\",\"urlTemplate\":\"https:\\\/\\\/lexigogames.com\\\/es\\\/?s={search_term_string}\"},\"query-input\":{\"@type\":\"PropertyValueSpecification\",\"valueRequired\":true,\"valueName\":\"search_term_string\"}}],\"inLanguage\":\"es\"},{\"@type\":\"Organization\",\"@id\":\"https:\\\/\\\/lexigogames.com\\\/es\\\/#organization\",\"name\":\"Lexigo Games\",\"url\":\"https:\\\/\\\/lexigogames.com\\\/es\\\/\",\"logo\":{\"@type\":\"ImageObject\",\"inLanguage\":\"es\",\"@id\":\"https:\\\/\\\/lexigogames.com\\\/es\\\/#\\\/schema\\\/logo\\\/image\\\/\",\"url\":\"https:\\\/\\\/lexigogames.com\\\/wp-content\\\/uploads\\\/2026\\\/04\\\/Capa_1.png\",\"contentUrl\":\"https:\\\/\\\/lexigogames.com\\\/wp-content\\\/uploads\\\/2026\\\/04\\\/Capa_1.png\",\"width\":441,\"height\":142,\"caption\":\"Lexigo Games\"},\"image\":{\"@id\":\"https:\\\/\\\/lexigogames.com\\\/es\\\/#\\\/schema\\\/logo\\\/image\\\/\"}}]}<\/script>\n<!-- \/ Yoast SEO plugin. -->","yoast_head_json":{"title":"Juegos din\u00e1micos para estudiantes curiosos.rs - Lexigo Games","description":"Nuestros juegos animan a los jugadores a hablar y expresarse de forma natural, ganando confianza mientras se divierten.","robots":{"index":"index","follow":"follow","max-snippet":"max-snippet:-1","max-image-preview":"max-image-preview:large","max-video-preview":"max-video-preview:-1"},"canonical":"https:\/\/lexigogames.com\/es\/","og_locale":"es_ES","og_type":"article","og_title":"Juegos din\u00e1micos para estudiantes curiosos.rs - Lexigo Games","og_description":"Nuestros juegos animan a los jugadores a hablar y expresarse de forma natural, ganando confianza mientras se divierten.","og_url":"https:\/\/lexigogames.com\/es\/","og_site_name":"Lexigo Games","article_modified_time":"2026-04-15T11:17:03+00:00","og_image":[{"url":"https:\/\/lexigogames.com\/wp-content\/uploads\/2026\/04\/jc1179-4777-pano-resized-1-2.jpg","type":"","width":"","height":""}],"twitter_card":"summary_large_image","twitter_misc":{"Tiempo de lectura":"1 minuto"},"schema":{"@context":"https:\/\/schema.org","@graph":[{"@type":"WebPage","@id":"https:\/\/lexigogames.com\/es\/","url":"https:\/\/lexigogames.com\/es\/","name":"Juegos din\u00e1micos para estudiantes curiosos.rs - Lexigo Games","isPartOf":{"@id":"https:\/\/lexigogames.com\/es\/#website"},"primaryImageOfPage":{"@id":"https:\/\/lexigogames.com\/es\/#primaryimage"},"image":{"@id":"https:\/\/lexigogames.com\/es\/#primaryimage"},"thumbnailUrl":"https:\/\/lexigogames.com\/wp-content\/uploads\/2026\/04\/jc1179-4777-pano-resized-1-2.jpg","datePublished":"2026-04-01T09:46:29+00:00","dateModified":"2026-04-15T11:17:03+00:00","description":"Nuestros juegos animan a los jugadores a hablar y expresarse de forma natural, ganando confianza mientras se divierten.","breadcrumb":{"@id":"https:\/\/lexigogames.com\/es\/#breadcrumb"},"inLanguage":"es","potentialAction":[{"@type":"ReadAction","target":["https:\/\/lexigogames.com\/es\/"]}]},{"@type":"ImageObject","inLanguage":"es","@id":"https:\/\/lexigogames.com\/es\/#primaryimage","url":"https:\/\/lexigogames.com\/wp-content\/uploads\/2026\/04\/jc1179-4777-pano-resized-1-2.jpg","contentUrl":"https:\/\/lexigogames.com\/wp-content\/uploads\/2026\/04\/jc1179-4777-pano-resized-1-2.jpg"},{"@type":"BreadcrumbList","@id":"https:\/\/lexigogames.com\/es\/#breadcrumb","itemListElement":[{"@type":"ListItem","position":1,"name":"Home","item":"https:\/\/lexigogames.com\/es\/"},{"@type":"ListItem","position":2,"name":"Inicio"}]},{"@type":"WebSite","@id":"https:\/\/lexigogames.com\/es\/#website","url":"https:\/\/lexigogames.com\/es\/","name":"Lexigo Games","description":"","publisher":{"@id":"https:\/\/lexigogames.com\/es\/#organization"},"potentialAction":[{"@type":"SearchAction","target":{"@type":"EntryPoint","urlTemplate":"https:\/\/lexigogames.com\/es\/?s={search_term_string}"},"query-input":{"@type":"PropertyValueSpecification","valueRequired":true,"valueName":"search_term_string"}}],"inLanguage":"es"},{"@type":"Organization","@id":"https:\/\/lexigogames.com\/es\/#organization","name":"Lexigo Games","url":"https:\/\/lexigogames.com\/es\/","logo":{"@type":"ImageObject","inLanguage":"es","@id":"https:\/\/lexigogames.com\/es\/#\/schema\/logo\/image\/","url":"https:\/\/lexigogames.com\/wp-content\/uploads\/2026\/04\/Capa_1.png","contentUrl":"https:\/\/lexigogames.com\/wp-content\/uploads\/2026\/04\/Capa_1.png","width":441,"height":142,"caption":"Lexigo Games"},"image":{"@id":"https:\/\/lexigogames.com\/es\/#\/schema\/logo\/image\/"}}]}},"uagb_featured_image_src":{"full":false,"thumbnail":false,"medium":false,"medium_large":false,"large":false,"1536x1536":false,"2048x2048":false},"uagb_author_info":{"display_name":"nordkat_admin","author_link":"https:\/\/lexigogames.com\/es\/author\/nordkat_admin\/"},"uagb_comment_info":0,"uagb_excerpt":"Piensa.Juega.Aprende. Somos un proyecto de recursos para el aprendizaje del ingl\u00e9s con base en Catalu\u00f1a. Queremos ayudar a familias, docentes [&hellip;]","_links":{"self":[{"href":"https:\/\/lexigogames.com\/es\/wp-json\/wp\/v2\/pages\/157","targetHints":{"allow":["GET"]}}],"collection":[{"href":"https:\/\/lexigogames.com\/es\/wp-json\/wp\/v2\/pages"}],"about":[{"href":"https:\/\/lexigogames.com\/es\/wp-json\/wp\/v2\/types\/page"}],"author":[{"embeddable":true,"href":"https:\/\/lexigogames.com\/es\/wp-json\/wp\/v2\/users\/1"}],"replies":[{"embeddable":true,"href":"https:\/\/lexigogames.com\/es\/wp-json\/wp\/v2\/comments?post=157"}],"version-history":[{"count":15,"href":"https:\/\/lexigogames.com\/es\/wp-json\/wp\/v2\/pages\/157\/revisions"}],"predecessor-version":[{"id":284,"href":"https:\/\/lexigogames.com\/es\/wp-json\/wp\/v2\/pages\/157\/revisions\/284"}],"wp:attachment":[{"href":"https:\/\/lexigogames.com\/es\/wp-json\/wp\/v2\/media?parent=157"}],"curies":[{"name":"wp","href":"https:\/\/api.w.org\/{rel}","templated":true}]}}