{"id":205,"date":"2026-04-01T11:47:40","date_gmt":"2026-04-01T09:47:40","guid":{"rendered":"https:\/\/lexigogames.com\/sobre-nosaltres\/"},"modified":"2026-04-15T13:17:03","modified_gmt":"2026-04-15T11:17:03","slug":"sobre-nosaltres","status":"publish","type":"page","link":"https:\/\/lexigogames.com\/ca\/sobre-nosaltres\/","title":{"rendered":"Sobre nosaltres"},"content":{"rendered":"\n<div class=\"wp-block-uagb-container uagb-block-4303be43 alignfull uagb-is-root-container\"><div class=\"uagb-container-inner-blocks-wrap\">\n<div data-aos= \"fade-left\" data-aos-duration=\"400\" data-aos-delay=\"0\" data-aos-easing=\"ease\" data-aos-once=\"true\" class=\"wp-block-uagb-advanced-heading uagb-block-7d9d5e07\"><h1 class=\"uagb-heading-text\">De l&#8217;amor per les lleng\u00fces a l&#8217;aprenentatge a trav\u00e9s del joc<\/h1><\/div>\n<\/div><\/div>\n\n<div class=\"wp-block-uagb-container uagb-block-0b3a221f alignfull uagb-is-root-container\"><div class=\"uagb-container-inner-blocks-wrap\">\n<div data-aos= \"fade-up\" data-aos-duration=\"400\" data-aos-delay=\"0\" data-aos-easing=\"ease\" data-aos-once=\"true\" class=\"wp-block-uagb-container uagb-block-40a22f41\">\n<div class=\"wp-block-uagb-advanced-heading uagb-block-92300e8d\"><h2 class=\"uagb-heading-text\">Som un projecte de recursos per a l\u2019aprenentatge de l\u2019angl\u00e8s amb base a Catalunya que busca ajudar fam\u00edlies, docents i estudiants a promoure l\u2019aprenentatge de l\u2019angl\u00e8s a trav\u00e9s del joc.<\/h2><\/div>\n<\/div>\n\n\n\n<div data-aos= \"fade-up\" data-aos-duration=\"400\" data-aos-delay=\"0\" data-aos-easing=\"ease\" data-aos-once=\"true\" class=\"wp-block-uagb-container uagb-block-8f453dd1\">\n<div class=\"wp-block-columns is-layout-flex wp-container-core-columns-is-layout-65eef5bf wp-block-columns-is-layout-flex\">\n<div class=\"wp-block-column is-layout-flow wp-block-column-is-layout-flow\">\n<p class=\"has-ast-global-color-3-color has-text-color has-link-color wp-elements-d96d4ffd8eaef041afd8dd4068525dc2\" style=\"line-height:1.2\">L\u2019Anna \u00e9s una ling\u00fcista motivada que parla sis idiomes. Va aprendre catal\u00e0 per casualitat el 2014, durant una visita a Solsona, i va descobrir maneres m\u00e9s naturals d\u2019aprendre a trav\u00e9s del joc despr\u00e9s d\u2019haver estudiat altres idiomes en entorns m\u00e9s r\u00edgids, basats en quaderns i llibres de text. El 2020 va fundar English amb l\u2019Anna, una escola d\u2019angl\u00e8s que promou l\u2019aprenentatge a trav\u00e9s del joc, l\u2019art, els projectes, el teatre i m\u00e9s. <\/p>\n\n\n\n<p class=\"has-ast-global-color-3-color has-text-color has-link-color wp-elements-f6dce131c22623baa5e2d751949b9eab\" style=\"line-height:1.2\">La Hollie \u00e9s mestra de prim\u00e0ria formada al Regne Unit i una gran aficionada als jocs de taula i als viatges. Despr\u00e9s de tenir dificultats per aprendre idiomes a l\u2019escola, va descobrir com n\u2019\u00e9s de m\u00e9s efica\u00e7 \u2014i divertit\u2014 aprendre a trav\u00e9s del joc i la creativitat. La Hollie es va unir a English amb l\u2019Anna el 2024 i, despr\u00e9s d\u2019un any treballant juntes, va n\u00e9ixer Lexigo el 2025, quan van decidir fer alguna cosa per a totes les fam\u00edlies i estudiants que els demanaven consell sobre qu\u00e8 comprar o qu\u00e8 fer per millorar el seu angl\u00e8s.<\/p>\n\n\n\n<p class=\"has-ast-global-color-3-color has-text-color has-link-color wp-elements-6631f30e7d7f2f75a780c7caca77db2f\" style=\"line-height:1.2\">Els nostres jocs han estat creats per nosaltres a la nostra escola d\u2019idiomes de Solsona, Catalunya, i van agradar tant als nostres estudiants que vam decidir fabricar-los per posar-los a l\u2019abast de m\u00e9s persones que volen aprendre.<\/p>\n<\/div>\n\n\n\n<div class=\"wp-block-column is-vertically-aligned-bottom is-layout-flow wp-container-core-column-is-layout-a77db08e wp-block-column-is-layout-flow\">\n<figure class=\"wp-block-image alignright size-full is-resized\" style=\"margin-top:0;margin-right:0;margin-bottom:0;margin-left:0\"><img loading=\"lazy\" decoding=\"async\" width=\"732\" height=\"703\" src=\"https:\/\/lexigogames.com\/wp-content\/uploads\/2026\/04\/capa-1.png\" alt=\"Sobre nosaltres\" class=\"wp-image-77\" style=\"aspect-ratio:1.04128533658735;object-fit:contain;width:400px\" srcset=\"https:\/\/lexigogames.com\/wp-content\/uploads\/2026\/04\/capa-1.png 732w, https:\/\/lexigogames.com\/wp-content\/uploads\/2026\/04\/capa-1-300x288.png 300w\" sizes=\"auto, (max-width: 732px) 100vw, 732px\" \/><\/figure>\n<\/div>\n<\/div>\n<\/div>\n<\/div><\/div>\n","protected":false},"excerpt":{"rendered":"<p>De l&#8217;amor per les lleng\u00fces a l&#8217;aprenentatge a trav\u00e9s del joc Som un projecte de recursos per a l\u2019aprenentatge de [&hellip;]<\/p>\n","protected":false},"author":1,"featured_media":0,"parent":0,"menu_order":4,"comment_status":"closed","ping_status":"closed","template":"","meta":{"_uag_custom_page_level_css":"","site-sidebar-layout":"default","site-content-layout":"","ast-site-content-layout":"default","site-content-style":"default","site-sidebar-style":"default","ast-global-header-display":"","ast-banner-title-visibility":"","ast-main-header-display":"","ast-hfb-above-header-display":"","ast-hfb-below-header-display":"","ast-hfb-mobile-header-display":"","site-post-title":"","ast-breadcrumbs-content":"","ast-featured-img":"","footer-sml-layout":"","ast-disable-related-posts":"","theme-transparent-header-meta":"","adv-header-id-meta":"","stick-header-meta":"","header-above-stick-meta":"","header-main-stick-meta":"","header-below-stick-meta":"","astra-migrate-meta-layouts":"default","ast-page-background-enabled":"default","ast-page-background-meta":{"desktop":{"background-color":"var(--ast-global-color-5)","background-image":"","background-repeat":"repeat","background-position":"center center","background-size":"auto","background-attachment":"scroll","background-type":"","background-media":"","overlay-type":"","overlay-color":"","overlay-opacity":"","overlay-gradient":""},"tablet":{"background-color":"","background-image":"","background-repeat":"repeat","background-position":"center center","background-size":"auto","background-attachment":"scroll","background-type":"","background-media":"","overlay-type":"","overlay-color":"","overlay-opacity":"","overlay-gradient":""},"mobile":{"background-color":"","background-image":"","background-repeat":"repeat","background-position":"center center","background-size":"auto","background-attachment":"scroll","background-type":"","background-media":"","overlay-type":"","overlay-color":"","overlay-opacity":"","overlay-gradient":""}},"ast-content-background-meta":{"desktop":{"background-color":"var(--ast-global-color-4)","background-image":"","background-repeat":"repeat","background-position":"center center","background-size":"auto","background-attachment":"scroll","background-type":"","background-media":"","overlay-type":"","overlay-color":"","overlay-opacity":"","overlay-gradient":""},"tablet":{"background-color":"var(--ast-global-color-4)","background-image":"","background-repeat":"repeat","background-position":"center center","background-size":"auto","background-attachment":"scroll","background-type":"","background-media":"","overlay-type":"","overlay-color":"","overlay-opacity":"","overlay-gradient":""},"mobile":{"background-color":"var(--ast-global-color-4)","background-image":"","background-repeat":"repeat","background-position":"center center","background-size":"auto","background-attachment":"scroll","background-type":"","background-media":"","overlay-type":"","overlay-color":"","overlay-opacity":"","overlay-gradient":""}},"footnotes":""},"class_list":["post-205","page","type-page","status-publish","hentry"],"yoast_head":"<!-- This site is optimized with the Yoast SEO plugin v27.4 - https:\/\/yoast.com\/product\/yoast-seo-wordpress\/ -->\n<title>Sobre nosaltres - Lexigo Games<\/title>\n<meta name=\"description\" content=\"Som un projecte de recursos per a l\u2019aprenentatge de l\u2019angl\u00e8s amb base a Catalunya que busca ajudar fam\u00edlies, docents i estudiants a promoure l\u2019aprenentatge de l\u2019angl\u00e8s a trav\u00e9s del joc.\" \/>\n<meta name=\"robots\" content=\"index, follow, max-snippet:-1, max-image-preview:large, max-video-preview:-1\" \/>\n<link rel=\"canonical\" href=\"https:\/\/lexigogames.com\/ca\/sobre-nosaltres\/\" \/>\n<meta property=\"og:locale\" content=\"ca_ES\" \/>\n<meta property=\"og:type\" content=\"article\" \/>\n<meta property=\"og:title\" content=\"Sobre nosaltres - Lexigo Games\" \/>\n<meta property=\"og:description\" content=\"Som un projecte de recursos per a l\u2019aprenentatge de l\u2019angl\u00e8s amb base a Catalunya que busca ajudar fam\u00edlies, docents i estudiants a promoure l\u2019aprenentatge de l\u2019angl\u00e8s a trav\u00e9s del joc.\" \/>\n<meta property=\"og:url\" content=\"https:\/\/lexigogames.com\/ca\/sobre-nosaltres\/\" \/>\n<meta property=\"og:site_name\" content=\"Lexigo Games\" \/>\n<meta property=\"article:modified_time\" content=\"2026-04-15T11:17:03+00:00\" \/>\n<meta property=\"og:image\" content=\"https:\/\/lexigogames.com\/wp-content\/uploads\/2026\/04\/capa-1.png\" \/>\n\t<meta property=\"og:image:width\" content=\"732\" \/>\n\t<meta property=\"og:image:height\" content=\"703\" \/>\n\t<meta property=\"og:image:type\" content=\"image\/png\" \/>\n<meta name=\"twitter:card\" content=\"summary_large_image\" \/>\n<meta name=\"twitter:label1\" content=\"Temps estimat de lectura\" \/>\n\t<meta name=\"twitter:data1\" content=\"1 minut\" \/>\n<script type=\"application\/ld+json\" class=\"yoast-schema-graph\">{\"@context\":\"https:\\\/\\\/schema.org\",\"@graph\":[{\"@type\":\"WebPage\",\"@id\":\"https:\\\/\\\/lexigogames.com\\\/ca\\\/sobre-nosaltres\\\/\",\"url\":\"https:\\\/\\\/lexigogames.com\\\/ca\\\/sobre-nosaltres\\\/\",\"name\":\"Sobre nosaltres - Lexigo Games\",\"isPartOf\":{\"@id\":\"https:\\\/\\\/lexigogames.com\\\/ca\\\/#website\"},\"primaryImageOfPage\":{\"@id\":\"https:\\\/\\\/lexigogames.com\\\/ca\\\/sobre-nosaltres\\\/#primaryimage\"},\"image\":{\"@id\":\"https:\\\/\\\/lexigogames.com\\\/ca\\\/sobre-nosaltres\\\/#primaryimage\"},\"thumbnailUrl\":\"https:\\\/\\\/lexigogames.com\\\/wp-content\\\/uploads\\\/2026\\\/04\\\/capa-1.png\",\"datePublished\":\"2026-04-01T09:47:40+00:00\",\"dateModified\":\"2026-04-15T11:17:03+00:00\",\"description\":\"Som un projecte de recursos per a l\u2019aprenentatge de l\u2019angl\u00e8s amb base a Catalunya que busca ajudar fam\u00edlies, docents i estudiants a promoure l\u2019aprenentatge de l\u2019angl\u00e8s a trav\u00e9s del joc.\",\"breadcrumb\":{\"@id\":\"https:\\\/\\\/lexigogames.com\\\/ca\\\/sobre-nosaltres\\\/#breadcrumb\"},\"inLanguage\":\"ca\",\"potentialAction\":[{\"@type\":\"ReadAction\",\"target\":[\"https:\\\/\\\/lexigogames.com\\\/ca\\\/sobre-nosaltres\\\/\"]}]},{\"@type\":\"ImageObject\",\"inLanguage\":\"ca\",\"@id\":\"https:\\\/\\\/lexigogames.com\\\/ca\\\/sobre-nosaltres\\\/#primaryimage\",\"url\":\"https:\\\/\\\/lexigogames.com\\\/wp-content\\\/uploads\\\/2026\\\/04\\\/capa-1.png\",\"contentUrl\":\"https:\\\/\\\/lexigogames.com\\\/wp-content\\\/uploads\\\/2026\\\/04\\\/capa-1.png\"},{\"@type\":\"BreadcrumbList\",\"@id\":\"https:\\\/\\\/lexigogames.com\\\/ca\\\/sobre-nosaltres\\\/#breadcrumb\",\"itemListElement\":[{\"@type\":\"ListItem\",\"position\":1,\"name\":\"Home\",\"item\":\"https:\\\/\\\/lexigogames.com\\\/ca\\\/\"},{\"@type\":\"ListItem\",\"position\":2,\"name\":\"Sobre nosaltres\"}]},{\"@type\":\"WebSite\",\"@id\":\"https:\\\/\\\/lexigogames.com\\\/ca\\\/#website\",\"url\":\"https:\\\/\\\/lexigogames.com\\\/ca\\\/\",\"name\":\"Lexigo Games\",\"description\":\"\",\"publisher\":{\"@id\":\"https:\\\/\\\/lexigogames.com\\\/ca\\\/#organization\"},\"potentialAction\":[{\"@type\":\"SearchAction\",\"target\":{\"@type\":\"EntryPoint\",\"urlTemplate\":\"https:\\\/\\\/lexigogames.com\\\/ca\\\/?s={search_term_string}\"},\"query-input\":{\"@type\":\"PropertyValueSpecification\",\"valueRequired\":true,\"valueName\":\"search_term_string\"}}],\"inLanguage\":\"ca\"},{\"@type\":\"Organization\",\"@id\":\"https:\\\/\\\/lexigogames.com\\\/ca\\\/#organization\",\"name\":\"Lexigo Games\",\"url\":\"https:\\\/\\\/lexigogames.com\\\/ca\\\/\",\"logo\":{\"@type\":\"ImageObject\",\"inLanguage\":\"ca\",\"@id\":\"https:\\\/\\\/lexigogames.com\\\/ca\\\/#\\\/schema\\\/logo\\\/image\\\/\",\"url\":\"https:\\\/\\\/lexigogames.com\\\/wp-content\\\/uploads\\\/2026\\\/04\\\/Capa_1.png\",\"contentUrl\":\"https:\\\/\\\/lexigogames.com\\\/wp-content\\\/uploads\\\/2026\\\/04\\\/Capa_1.png\",\"width\":441,\"height\":142,\"caption\":\"Lexigo Games\"},\"image\":{\"@id\":\"https:\\\/\\\/lexigogames.com\\\/ca\\\/#\\\/schema\\\/logo\\\/image\\\/\"}}]}<\/script>\n<!-- \/ Yoast SEO plugin. -->","yoast_head_json":{"title":"Sobre nosaltres - Lexigo Games","description":"Som un projecte de recursos per a l\u2019aprenentatge de l\u2019angl\u00e8s amb base a Catalunya que busca ajudar fam\u00edlies, docents i estudiants a promoure l\u2019aprenentatge de l\u2019angl\u00e8s a trav\u00e9s del joc.","robots":{"index":"index","follow":"follow","max-snippet":"max-snippet:-1","max-image-preview":"max-image-preview:large","max-video-preview":"max-video-preview:-1"},"canonical":"https:\/\/lexigogames.com\/ca\/sobre-nosaltres\/","og_locale":"ca_ES","og_type":"article","og_title":"Sobre nosaltres - Lexigo Games","og_description":"Som un projecte de recursos per a l\u2019aprenentatge de l\u2019angl\u00e8s amb base a Catalunya que busca ajudar fam\u00edlies, docents i estudiants a promoure l\u2019aprenentatge de l\u2019angl\u00e8s a trav\u00e9s del joc.","og_url":"https:\/\/lexigogames.com\/ca\/sobre-nosaltres\/","og_site_name":"Lexigo Games","article_modified_time":"2026-04-15T11:17:03+00:00","og_image":[{"width":732,"height":703,"url":"https:\/\/lexigogames.com\/wp-content\/uploads\/2026\/04\/capa-1.png","type":"image\/png"}],"twitter_card":"summary_large_image","twitter_misc":{"Temps estimat de lectura":"1 minut"},"schema":{"@context":"https:\/\/schema.org","@graph":[{"@type":"WebPage","@id":"https:\/\/lexigogames.com\/ca\/sobre-nosaltres\/","url":"https:\/\/lexigogames.com\/ca\/sobre-nosaltres\/","name":"Sobre nosaltres - Lexigo Games","isPartOf":{"@id":"https:\/\/lexigogames.com\/ca\/#website"},"primaryImageOfPage":{"@id":"https:\/\/lexigogames.com\/ca\/sobre-nosaltres\/#primaryimage"},"image":{"@id":"https:\/\/lexigogames.com\/ca\/sobre-nosaltres\/#primaryimage"},"thumbnailUrl":"https:\/\/lexigogames.com\/wp-content\/uploads\/2026\/04\/capa-1.png","datePublished":"2026-04-01T09:47:40+00:00","dateModified":"2026-04-15T11:17:03+00:00","description":"Som un projecte de recursos per a l\u2019aprenentatge de l\u2019angl\u00e8s amb base a Catalunya que busca ajudar fam\u00edlies, docents i estudiants a promoure l\u2019aprenentatge de l\u2019angl\u00e8s a trav\u00e9s del joc.","breadcrumb":{"@id":"https:\/\/lexigogames.com\/ca\/sobre-nosaltres\/#breadcrumb"},"inLanguage":"ca","potentialAction":[{"@type":"ReadAction","target":["https:\/\/lexigogames.com\/ca\/sobre-nosaltres\/"]}]},{"@type":"ImageObject","inLanguage":"ca","@id":"https:\/\/lexigogames.com\/ca\/sobre-nosaltres\/#primaryimage","url":"https:\/\/lexigogames.com\/wp-content\/uploads\/2026\/04\/capa-1.png","contentUrl":"https:\/\/lexigogames.com\/wp-content\/uploads\/2026\/04\/capa-1.png"},{"@type":"BreadcrumbList","@id":"https:\/\/lexigogames.com\/ca\/sobre-nosaltres\/#breadcrumb","itemListElement":[{"@type":"ListItem","position":1,"name":"Home","item":"https:\/\/lexigogames.com\/ca\/"},{"@type":"ListItem","position":2,"name":"Sobre nosaltres"}]},{"@type":"WebSite","@id":"https:\/\/lexigogames.com\/ca\/#website","url":"https:\/\/lexigogames.com\/ca\/","name":"Lexigo Games","description":"","publisher":{"@id":"https:\/\/lexigogames.com\/ca\/#organization"},"potentialAction":[{"@type":"SearchAction","target":{"@type":"EntryPoint","urlTemplate":"https:\/\/lexigogames.com\/ca\/?s={search_term_string}"},"query-input":{"@type":"PropertyValueSpecification","valueRequired":true,"valueName":"search_term_string"}}],"inLanguage":"ca"},{"@type":"Organization","@id":"https:\/\/lexigogames.com\/ca\/#organization","name":"Lexigo Games","url":"https:\/\/lexigogames.com\/ca\/","logo":{"@type":"ImageObject","inLanguage":"ca","@id":"https:\/\/lexigogames.com\/ca\/#\/schema\/logo\/image\/","url":"https:\/\/lexigogames.com\/wp-content\/uploads\/2026\/04\/Capa_1.png","contentUrl":"https:\/\/lexigogames.com\/wp-content\/uploads\/2026\/04\/Capa_1.png","width":441,"height":142,"caption":"Lexigo Games"},"image":{"@id":"https:\/\/lexigogames.com\/ca\/#\/schema\/logo\/image\/"}}]}},"uagb_featured_image_src":{"full":false,"thumbnail":false,"medium":false,"medium_large":false,"large":false,"1536x1536":false,"2048x2048":false},"uagb_author_info":{"display_name":"nordkat_admin","author_link":"https:\/\/lexigogames.com\/ca\/author\/nordkat_admin\/"},"uagb_comment_info":0,"uagb_excerpt":"De l&#8217;amor per les lleng\u00fces a l&#8217;aprenentatge a trav\u00e9s del joc Som un projecte de recursos per a l\u2019aprenentatge de [&hellip;]","_links":{"self":[{"href":"https:\/\/lexigogames.com\/ca\/wp-json\/wp\/v2\/pages\/205","targetHints":{"allow":["GET"]}}],"collection":[{"href":"https:\/\/lexigogames.com\/ca\/wp-json\/wp\/v2\/pages"}],"about":[{"href":"https:\/\/lexigogames.com\/ca\/wp-json\/wp\/v2\/types\/page"}],"author":[{"embeddable":true,"href":"https:\/\/lexigogames.com\/ca\/wp-json\/wp\/v2\/users\/1"}],"replies":[{"embeddable":true,"href":"https:\/\/lexigogames.com\/ca\/wp-json\/wp\/v2\/comments?post=205"}],"version-history":[{"count":4,"href":"https:\/\/lexigogames.com\/ca\/wp-json\/wp\/v2\/pages\/205\/revisions"}],"predecessor-version":[{"id":281,"href":"https:\/\/lexigogames.com\/ca\/wp-json\/wp\/v2\/pages\/205\/revisions\/281"}],"wp:attachment":[{"href":"https:\/\/lexigogames.com\/ca\/wp-json\/wp\/v2\/media?parent=205"}],"curies":[{"name":"wp","href":"https:\/\/api.w.org\/{rel}","templated":true}]}}