{"id":200,"date":"2026-04-01T11:46:29","date_gmt":"2026-04-01T09:46:29","guid":{"rendered":"https:\/\/lexigogames.com\/inici\/"},"modified":"2026-04-15T13:17:03","modified_gmt":"2026-04-15T11:17:03","slug":"inici","status":"publish","type":"page","link":"https:\/\/lexigogames.com\/ca\/","title":{"rendered":"Inici"},"content":{"rendered":"\n<div class=\"wp-block-uagb-container uagb-block-4303be43 alignfull uagb-is-root-container\"><div class=\"uagb-container-inner-blocks-wrap\">\n<div data-aos= \"zoom-in\" data-aos-duration=\"400\" data-aos-delay=\"0\" data-aos-easing=\"ease\" data-aos-once=\"true\" class=\"wp-block-uagb-advanced-heading uagb-block-7d9d5e07\"><h1 class=\"uagb-heading-text\">Pensa.Juga.Apr\u00e8n.<\/h1><\/div>\n<\/div><\/div>\n\n<div class=\"wp-block-uagb-container uagb-block-0b3a221f alignfull uagb-is-root-container\"><div class=\"uagb-container-inner-blocks-wrap\">\n<div data-aos= \"fade-up\" data-aos-duration=\"400\" data-aos-delay=\"0\" data-aos-easing=\"ease\" data-aos-once=\"true\" class=\"wp-block-uagb-container uagb-block-40a22f41\">\n<div class=\"wp-block-uagb-advanced-heading uagb-block-92300e8d\"><h2 class=\"uagb-heading-text\">Som un projecte de recursos per a l\u2019aprenentatge de l\u2019angl\u00e8s amb base a Catalunya que busca ajudar fam\u00edlies, docents i estudiants a promoure l\u2019aprenentatge de l\u2019angl\u00e8s a trav\u00e9s del joc.<\/h2><\/div>\n<\/div>\n\n\n\n<div data-aos= \"fade-up\" data-aos-duration=\"400\" data-aos-delay=\"0\" data-aos-easing=\"ease\" data-aos-once=\"true\" class=\"wp-block-uagb-container uagb-block-02e62307\">\n<div class=\"wp-block-columns is-layout-flex wp-container-core-columns-is-layout-99de5ce1 wp-block-columns-is-layout-flex\" style=\"margin-top:0;margin-bottom:0;padding-top:0;padding-right:0;padding-bottom:0;padding-left:0\">\n<div class=\"wp-block-column is-layout-flow wp-container-core-column-is-layout-8a368f38 wp-block-column-is-layout-flow\">\n<div class=\"wp-block-buttons is-layout-flex wp-container-core-buttons-is-layout-168ce233 wp-block-buttons-is-layout-flex\">\n<div class=\"wp-block-button\"><a class=\"wp-block-button__link wp-element-button\" href=\"https:\/\/lexigogames.com\/ca\/sobre-nosaltres\/\">Sobre nosaltres<\/a><\/div>\n<\/div>\n<\/div>\n\n\n\n<div class=\"wp-block-column is-layout-flow wp-block-column-is-layout-flow\">\n<p class=\"has-ast-global-color-3-color has-text-color has-link-color wp-elements-a3250e0630209e00a35b114ea786d59a\" style=\"margin-top:var(--wp--preset--spacing--70);margin-bottom:0;line-height:1.2\">Creiem que aprendre angl\u00e8s hauria de ser com jugar al teu joc preferit: emocionant, social i dif\u00edcil de deixar!<br\/> Els nostres jocs animen els jugadors a parlar i expressar-se de manera natural, desenvolupant la confian\u00e7a a trav\u00e9s de la diversi\u00f3 i el joc.<br\/><br\/>Dissenyem cada joc per despertar converses reals, rialles i connexi\u00f3, perqu\u00e8 \u00e9s parlant com els estudiants de lleng\u00fces m\u00e9s aprenen. Tamb\u00e9 volem oferir eines accessibles i divertides a fam\u00edlies, docents i estudiants perqu\u00e8 puguin aprendre tamb\u00e9 a casa i continuar m\u00e9s enll\u00e0 de l\u2019aula.<\/p>\n<\/div>\n<\/div>\n<\/div>\n<\/div><\/div>\n\n<div class=\"wp-block-uagb-container uagb-block-df8e34fe alignfull uagb-is-root-container\"><div class=\"uagb-container-inner-blocks-wrap\">\n<div data-aos= \"fade-up\" data-aos-duration=\"400\" data-aos-delay=\"0\" data-aos-easing=\"ease\" data-aos-once=\"true\" class=\"wp-block-uagb-container uagb-block-3336cde6\">\n<div class=\"wp-block-uagb-advanced-heading uagb-block-06b0a063\"><h2 class=\"uagb-heading-text\">Productes<\/h2><\/div>\n<\/div>\n\n\n\n<div class=\"wp-block-columns is-layout-flex wp-container-core-columns-is-layout-28f84493 wp-block-columns-is-layout-flex\">\n<div class=\"wp-block-column is-layout-flow wp-block-column-is-layout-flow\" style=\"flex-basis:25%\">\n<div data-aos= \"fade-up\" data-aos-duration=\"400\" data-aos-delay=\"0\" data-aos-easing=\"ease\" data-aos-once=\"true\" class=\"wp-block-uagb-container uagb-block-aee728b6\">\n<div class=\"wp-block-uagb-image uagb-block-a3a68504 wp-block-uagb-image--layout-default wp-block-uagb-image--effect-static wp-block-uagb-image--align-none\"><figure class=\"wp-block-uagb-image__figure\"><img decoding=\"async\" srcset=\"https:\/\/lexigogames.com\/wp-content\/uploads\/2026\/04\/jc1179-4777-pano-resized-1-2.jpg ,https:\/\/lexigogames.com\/wp-content\/uploads\/2026\/04\/jc1179-4777-pano-resized-1-2.jpg 780w, https:\/\/lexigogames.com\/wp-content\/uploads\/2026\/04\/jc1179-4777-pano-resized-1-2.jpg 360w\" sizes=\"auto, (max-width: 480px) 150px\" src=\"https:\/\/lexigogames.com\/wp-content\/uploads\/2026\/04\/jc1179-4777-pano-resized-1-2.jpg\" alt=\"\" class=\"uag-image-109\" width=\"670\" height=\"948\" title=\"JC1179-4777-Pano_resized (1) 2\" loading=\"lazy\" role=\"img\"><\/figure><\/div>\n\n\n\n<div class=\"wp-block-uagb-advanced-heading uagb-block-a7c48dc4\"><h3 class=\"uagb-heading-text\">Leximatch<\/h3><\/div>\n\n\n\n<p class=\"has-ast-global-color-3-color has-text-color has-link-color wp-elements-6e186cae012afd5eb6b30cb60a75640a\" style=\"margin-top:0;margin-right:0;margin-bottom:0;margin-left:0;padding-top:0;padding-right:0;padding-bottom:0;padding-left:0;line-height:1.3\">Leximatch \u00e9s un joc de vocabulari \u00e0gil en qu\u00e8 els jugadors s\u2019han de desfer de totes les seves cartes fent coincidir imatges i utilitzant cartes comod\u00ed.<\/p>\n<a class=\"spectra-container-link-overlay\" rel=\"noopener\" href=\"https:\/\/lexigogames.com\/ca\/jocs\/leximatch\/\"> <\/a><\/div>\n<\/div>\n\n\n\n<div class=\"wp-block-column is-layout-flow wp-block-column-is-layout-flow\" style=\"flex-basis:25%\"><\/div>\n\n\n\n<div class=\"wp-block-column is-layout-flow wp-block-column-is-layout-flow\" style=\"flex-basis:25%\"><\/div>\n\n\n\n<div class=\"wp-block-column is-layout-flow wp-block-column-is-layout-flow\" style=\"flex-basis:25%\"><\/div>\n<\/div>\n<\/div><\/div>\n\n<p><\/p>\n","protected":false},"excerpt":{"rendered":"<p>Pensa.Juga.Apr\u00e8n. Som un projecte de recursos per a l\u2019aprenentatge de l\u2019angl\u00e8s amb base a Catalunya que busca ajudar fam\u00edlies, docents [&hellip;]<\/p>\n","protected":false},"author":1,"featured_media":0,"parent":0,"menu_order":1,"comment_status":"closed","ping_status":"closed","template":"","meta":{"_uag_custom_page_level_css":"","site-sidebar-layout":"no-sidebar","site-content-layout":"plain-container","ast-site-content-layout":"default","site-content-style":"default","site-sidebar-style":"default","ast-global-header-display":"","ast-banner-title-visibility":"","ast-main-header-display":"","ast-hfb-above-header-display":"","ast-hfb-below-header-display":"","ast-hfb-mobile-header-display":"","site-post-title":"disabled","ast-breadcrumbs-content":"","ast-featured-img":"","footer-sml-layout":"","ast-disable-related-posts":"","theme-transparent-header-meta":"enabled","adv-header-id-meta":"","stick-header-meta":"","header-above-stick-meta":"","header-main-stick-meta":"","header-below-stick-meta":"","astra-migrate-meta-layouts":"default","ast-page-background-enabled":"default","ast-page-background-meta":{"desktop":{"background-color":"var(--ast-global-color-5)","background-image":"","background-repeat":"repeat","background-position":"center center","background-size":"auto","background-attachment":"scroll","background-type":"","background-media":"","overlay-type":"","overlay-color":"","overlay-opacity":"","overlay-gradient":""},"tablet":{"background-color":"","background-image":"","background-repeat":"repeat","background-position":"center center","background-size":"auto","background-attachment":"scroll","background-type":"","background-media":"","overlay-type":"","overlay-color":"","overlay-opacity":"","overlay-gradient":""},"mobile":{"background-color":"","background-image":"","background-repeat":"repeat","background-position":"center center","background-size":"auto","background-attachment":"scroll","background-type":"","background-media":"","overlay-type":"","overlay-color":"","overlay-opacity":"","overlay-gradient":""}},"ast-content-background-meta":{"desktop":{"background-color":"var(--ast-global-color-4)","background-image":"","background-repeat":"repeat","background-position":"center center","background-size":"auto","background-attachment":"scroll","background-type":"","background-media":"","overlay-type":"","overlay-color":"","overlay-opacity":"","overlay-gradient":""},"tablet":{"background-color":"var(--ast-global-color-4)","background-image":"","background-repeat":"repeat","background-position":"center center","background-size":"auto","background-attachment":"scroll","background-type":"","background-media":"","overlay-type":"","overlay-color":"","overlay-opacity":"","overlay-gradient":""},"mobile":{"background-color":"var(--ast-global-color-4)","background-image":"","background-repeat":"repeat","background-position":"center center","background-size":"auto","background-attachment":"scroll","background-type":"","background-media":"","overlay-type":"","overlay-color":"","overlay-opacity":"","overlay-gradient":""}},"footnotes":""},"class_list":["post-200","page","type-page","status-publish","hentry"],"yoast_head":"<!-- This site is optimized with the Yoast SEO plugin v27.4 - https:\/\/yoast.com\/product\/yoast-seo-wordpress\/ -->\n<title>Jocs r\u00e0pids per a estudiants curiosos - Lexigo Games<\/title>\n<meta name=\"description\" content=\"Els nostres jocs animen els jugadors a parlar i expressar-se de manera natural, desenvolupant la confian\u00e7a a trav\u00e9s de la diversi\u00f3 i el joc.\" \/>\n<meta name=\"robots\" content=\"index, follow, max-snippet:-1, max-image-preview:large, max-video-preview:-1\" \/>\n<link rel=\"canonical\" href=\"https:\/\/lexigogames.com\/ca\/\" \/>\n<meta property=\"og:locale\" content=\"ca_ES\" \/>\n<meta property=\"og:type\" content=\"article\" \/>\n<meta property=\"og:title\" content=\"Jocs r\u00e0pids per a estudiants curiosos - Lexigo Games\" \/>\n<meta property=\"og:description\" content=\"Els nostres jocs animen els jugadors a parlar i expressar-se de manera natural, desenvolupant la confian\u00e7a a trav\u00e9s de la diversi\u00f3 i el joc.\" \/>\n<meta property=\"og:url\" content=\"https:\/\/lexigogames.com\/ca\/\" \/>\n<meta property=\"og:site_name\" content=\"Lexigo Games\" \/>\n<meta property=\"article:modified_time\" content=\"2026-04-15T11:17:03+00:00\" \/>\n<meta property=\"og:image\" content=\"https:\/\/lexigogames.com\/wp-content\/uploads\/2026\/04\/jc1179-4777-pano-resized-1-2.jpg\" \/>\n<meta name=\"twitter:card\" content=\"summary_large_image\" \/>\n<meta name=\"twitter:label1\" content=\"Temps estimat de lectura\" \/>\n\t<meta name=\"twitter:data1\" content=\"1 minut\" \/>\n<script type=\"application\/ld+json\" class=\"yoast-schema-graph\">{\"@context\":\"https:\\\/\\\/schema.org\",\"@graph\":[{\"@type\":\"WebPage\",\"@id\":\"https:\\\/\\\/lexigogames.com\\\/ca\\\/\",\"url\":\"https:\\\/\\\/lexigogames.com\\\/ca\\\/\",\"name\":\"Jocs r\u00e0pids per a estudiants curiosos - Lexigo Games\",\"isPartOf\":{\"@id\":\"https:\\\/\\\/lexigogames.com\\\/ca\\\/#website\"},\"primaryImageOfPage\":{\"@id\":\"https:\\\/\\\/lexigogames.com\\\/ca\\\/#primaryimage\"},\"image\":{\"@id\":\"https:\\\/\\\/lexigogames.com\\\/ca\\\/#primaryimage\"},\"thumbnailUrl\":\"https:\\\/\\\/lexigogames.com\\\/wp-content\\\/uploads\\\/2026\\\/04\\\/jc1179-4777-pano-resized-1-2.jpg\",\"datePublished\":\"2026-04-01T09:46:29+00:00\",\"dateModified\":\"2026-04-15T11:17:03+00:00\",\"description\":\"Els nostres jocs animen els jugadors a parlar i expressar-se de manera natural, desenvolupant la confian\u00e7a a trav\u00e9s de la diversi\u00f3 i el joc.\",\"breadcrumb\":{\"@id\":\"https:\\\/\\\/lexigogames.com\\\/ca\\\/#breadcrumb\"},\"inLanguage\":\"ca\",\"potentialAction\":[{\"@type\":\"ReadAction\",\"target\":[\"https:\\\/\\\/lexigogames.com\\\/ca\\\/\"]}]},{\"@type\":\"ImageObject\",\"inLanguage\":\"ca\",\"@id\":\"https:\\\/\\\/lexigogames.com\\\/ca\\\/#primaryimage\",\"url\":\"https:\\\/\\\/lexigogames.com\\\/wp-content\\\/uploads\\\/2026\\\/04\\\/jc1179-4777-pano-resized-1-2.jpg\",\"contentUrl\":\"https:\\\/\\\/lexigogames.com\\\/wp-content\\\/uploads\\\/2026\\\/04\\\/jc1179-4777-pano-resized-1-2.jpg\"},{\"@type\":\"BreadcrumbList\",\"@id\":\"https:\\\/\\\/lexigogames.com\\\/ca\\\/#breadcrumb\",\"itemListElement\":[{\"@type\":\"ListItem\",\"position\":1,\"name\":\"Home\",\"item\":\"https:\\\/\\\/lexigogames.com\\\/ca\\\/\"},{\"@type\":\"ListItem\",\"position\":2,\"name\":\"Inici\"}]},{\"@type\":\"WebSite\",\"@id\":\"https:\\\/\\\/lexigogames.com\\\/ca\\\/#website\",\"url\":\"https:\\\/\\\/lexigogames.com\\\/ca\\\/\",\"name\":\"Lexigo Games\",\"description\":\"\",\"publisher\":{\"@id\":\"https:\\\/\\\/lexigogames.com\\\/ca\\\/#organization\"},\"potentialAction\":[{\"@type\":\"SearchAction\",\"target\":{\"@type\":\"EntryPoint\",\"urlTemplate\":\"https:\\\/\\\/lexigogames.com\\\/ca\\\/?s={search_term_string}\"},\"query-input\":{\"@type\":\"PropertyValueSpecification\",\"valueRequired\":true,\"valueName\":\"search_term_string\"}}],\"inLanguage\":\"ca\"},{\"@type\":\"Organization\",\"@id\":\"https:\\\/\\\/lexigogames.com\\\/ca\\\/#organization\",\"name\":\"Lexigo Games\",\"url\":\"https:\\\/\\\/lexigogames.com\\\/ca\\\/\",\"logo\":{\"@type\":\"ImageObject\",\"inLanguage\":\"ca\",\"@id\":\"https:\\\/\\\/lexigogames.com\\\/ca\\\/#\\\/schema\\\/logo\\\/image\\\/\",\"url\":\"https:\\\/\\\/lexigogames.com\\\/wp-content\\\/uploads\\\/2026\\\/04\\\/Capa_1.png\",\"contentUrl\":\"https:\\\/\\\/lexigogames.com\\\/wp-content\\\/uploads\\\/2026\\\/04\\\/Capa_1.png\",\"width\":441,\"height\":142,\"caption\":\"Lexigo Games\"},\"image\":{\"@id\":\"https:\\\/\\\/lexigogames.com\\\/ca\\\/#\\\/schema\\\/logo\\\/image\\\/\"}}]}<\/script>\n<!-- \/ Yoast SEO plugin. -->","yoast_head_json":{"title":"Jocs r\u00e0pids per a estudiants curiosos - Lexigo Games","description":"Els nostres jocs animen els jugadors a parlar i expressar-se de manera natural, desenvolupant la confian\u00e7a a trav\u00e9s de la diversi\u00f3 i el joc.","robots":{"index":"index","follow":"follow","max-snippet":"max-snippet:-1","max-image-preview":"max-image-preview:large","max-video-preview":"max-video-preview:-1"},"canonical":"https:\/\/lexigogames.com\/ca\/","og_locale":"ca_ES","og_type":"article","og_title":"Jocs r\u00e0pids per a estudiants curiosos - Lexigo Games","og_description":"Els nostres jocs animen els jugadors a parlar i expressar-se de manera natural, desenvolupant la confian\u00e7a a trav\u00e9s de la diversi\u00f3 i el joc.","og_url":"https:\/\/lexigogames.com\/ca\/","og_site_name":"Lexigo Games","article_modified_time":"2026-04-15T11:17:03+00:00","og_image":[{"url":"https:\/\/lexigogames.com\/wp-content\/uploads\/2026\/04\/jc1179-4777-pano-resized-1-2.jpg","type":"","width":"","height":""}],"twitter_card":"summary_large_image","twitter_misc":{"Temps estimat de lectura":"1 minut"},"schema":{"@context":"https:\/\/schema.org","@graph":[{"@type":"WebPage","@id":"https:\/\/lexigogames.com\/ca\/","url":"https:\/\/lexigogames.com\/ca\/","name":"Jocs r\u00e0pids per a estudiants curiosos - Lexigo Games","isPartOf":{"@id":"https:\/\/lexigogames.com\/ca\/#website"},"primaryImageOfPage":{"@id":"https:\/\/lexigogames.com\/ca\/#primaryimage"},"image":{"@id":"https:\/\/lexigogames.com\/ca\/#primaryimage"},"thumbnailUrl":"https:\/\/lexigogames.com\/wp-content\/uploads\/2026\/04\/jc1179-4777-pano-resized-1-2.jpg","datePublished":"2026-04-01T09:46:29+00:00","dateModified":"2026-04-15T11:17:03+00:00","description":"Els nostres jocs animen els jugadors a parlar i expressar-se de manera natural, desenvolupant la confian\u00e7a a trav\u00e9s de la diversi\u00f3 i el joc.","breadcrumb":{"@id":"https:\/\/lexigogames.com\/ca\/#breadcrumb"},"inLanguage":"ca","potentialAction":[{"@type":"ReadAction","target":["https:\/\/lexigogames.com\/ca\/"]}]},{"@type":"ImageObject","inLanguage":"ca","@id":"https:\/\/lexigogames.com\/ca\/#primaryimage","url":"https:\/\/lexigogames.com\/wp-content\/uploads\/2026\/04\/jc1179-4777-pano-resized-1-2.jpg","contentUrl":"https:\/\/lexigogames.com\/wp-content\/uploads\/2026\/04\/jc1179-4777-pano-resized-1-2.jpg"},{"@type":"BreadcrumbList","@id":"https:\/\/lexigogames.com\/ca\/#breadcrumb","itemListElement":[{"@type":"ListItem","position":1,"name":"Home","item":"https:\/\/lexigogames.com\/ca\/"},{"@type":"ListItem","position":2,"name":"Inici"}]},{"@type":"WebSite","@id":"https:\/\/lexigogames.com\/ca\/#website","url":"https:\/\/lexigogames.com\/ca\/","name":"Lexigo Games","description":"","publisher":{"@id":"https:\/\/lexigogames.com\/ca\/#organization"},"potentialAction":[{"@type":"SearchAction","target":{"@type":"EntryPoint","urlTemplate":"https:\/\/lexigogames.com\/ca\/?s={search_term_string}"},"query-input":{"@type":"PropertyValueSpecification","valueRequired":true,"valueName":"search_term_string"}}],"inLanguage":"ca"},{"@type":"Organization","@id":"https:\/\/lexigogames.com\/ca\/#organization","name":"Lexigo Games","url":"https:\/\/lexigogames.com\/ca\/","logo":{"@type":"ImageObject","inLanguage":"ca","@id":"https:\/\/lexigogames.com\/ca\/#\/schema\/logo\/image\/","url":"https:\/\/lexigogames.com\/wp-content\/uploads\/2026\/04\/Capa_1.png","contentUrl":"https:\/\/lexigogames.com\/wp-content\/uploads\/2026\/04\/Capa_1.png","width":441,"height":142,"caption":"Lexigo Games"},"image":{"@id":"https:\/\/lexigogames.com\/ca\/#\/schema\/logo\/image\/"}}]}},"uagb_featured_image_src":{"full":false,"thumbnail":false,"medium":false,"medium_large":false,"large":false,"1536x1536":false,"2048x2048":false},"uagb_author_info":{"display_name":"nordkat_admin","author_link":"https:\/\/lexigogames.com\/ca\/author\/nordkat_admin\/"},"uagb_comment_info":0,"uagb_excerpt":"Pensa.Juga.Apr\u00e8n. Som un projecte de recursos per a l\u2019aprenentatge de l\u2019angl\u00e8s amb base a Catalunya que busca ajudar fam\u00edlies, docents [&hellip;]","_links":{"self":[{"href":"https:\/\/lexigogames.com\/ca\/wp-json\/wp\/v2\/pages\/200","targetHints":{"allow":["GET"]}}],"collection":[{"href":"https:\/\/lexigogames.com\/ca\/wp-json\/wp\/v2\/pages"}],"about":[{"href":"https:\/\/lexigogames.com\/ca\/wp-json\/wp\/v2\/types\/page"}],"author":[{"embeddable":true,"href":"https:\/\/lexigogames.com\/ca\/wp-json\/wp\/v2\/users\/1"}],"replies":[{"embeddable":true,"href":"https:\/\/lexigogames.com\/ca\/wp-json\/wp\/v2\/comments?post=200"}],"version-history":[{"count":7,"href":"https:\/\/lexigogames.com\/ca\/wp-json\/wp\/v2\/pages\/200\/revisions"}],"predecessor-version":[{"id":264,"href":"https:\/\/lexigogames.com\/ca\/wp-json\/wp\/v2\/pages\/200\/revisions\/264"}],"wp:attachment":[{"href":"https:\/\/lexigogames.com\/ca\/wp-json\/wp\/v2\/media?parent=200"}],"curies":[{"name":"wp","href":"https:\/\/api.w.org\/{rel}","templated":true}]}}